{"id":2488,"date":"2023-11-30T12:22:29","date_gmt":"2023-11-30T11:22:29","guid":{"rendered":"https:\/\/www.mfr53.org\/web\/?page_id=2488"},"modified":"2024-07-16T16:41:06","modified_gmt":"2024-07-16T14:41:06","slug":"reussir-autrement-2-2","status":"publish","type":"page","link":"https:\/\/www.mfr53.org\/web\/reussir-autrement-2-2\/","title":{"rendered":"VH &#8211; La p\u00e9dagogie de l&#8217;alternance &#8211; 2"},"content":{"rendered":"\t\t<div data-elementor-type=\"wp-page\" data-elementor-id=\"2488\" class=\"elementor elementor-2488\">\n\t\t\t\t\t\t\t\t\t<section class=\"elementor-section elementor-top-section elementor-element elementor-element-540ad82 elementor-section-full_width elementor-section-height-default elementor-section-height-default\" data-id=\"540ad82\" data-element_type=\"section\" data-settings=\"{&quot;background_background&quot;:&quot;classic&quot;}\">\n\t\t\t\t\t\t<div class=\"elementor-container elementor-column-gap-default\">\n\t\t\t\t\t<div class=\"elementor-column elementor-col-100 elementor-top-column elementor-element elementor-element-265126d\" data-id=\"265126d\" data-element_type=\"column\">\n\t\t\t<div class=\"elementor-widget-wrap elementor-element-populated\">\n\t\t\t\t\t\t\t\t<div class=\"elementor-element elementor-element-35ceb1c elementor-widget__width-initial elementor-widget elementor-widget-image\" data-id=\"35ceb1c\" data-element_type=\"widget\" data-widget_type=\"image.default\">\n\t\t\t\t<div class=\"elementor-widget-container\">\n\t\t\t\t\t\t\t\t\t\t\t\t\t\t\t<img loading=\"lazy\" decoding=\"async\" width=\"1920\" height=\"816\" src=\"https:\/\/www.mfr53.org\/web\/wp-content\/uploads\/2024\/01\/MFR-53-Valeurs-La-pedagogie-de-lalternance.jpg\" class=\"attachment-full size-full wp-image-3255\" alt=\"MFR-Mayenne-53-Les \u00e9tablissements-Saint-Berthevin-Craon-Pr\u00e9-en-Pail-Laval-Port-Brillet\" srcset=\"https:\/\/www.mfr53.org\/web\/wp-content\/uploads\/2024\/01\/MFR-53-Valeurs-La-pedagogie-de-lalternance.jpg 1920w, https:\/\/www.mfr53.org\/web\/wp-content\/uploads\/2024\/01\/MFR-53-Valeurs-La-pedagogie-de-lalternance-300x128.jpg 300w, https:\/\/www.mfr53.org\/web\/wp-content\/uploads\/2024\/01\/MFR-53-Valeurs-La-pedagogie-de-lalternance-1024x435.jpg 1024w, https:\/\/www.mfr53.org\/web\/wp-content\/uploads\/2024\/01\/MFR-53-Valeurs-La-pedagogie-de-lalternance-768x326.jpg 768w, https:\/\/www.mfr53.org\/web\/wp-content\/uploads\/2024\/01\/MFR-53-Valeurs-La-pedagogie-de-lalternance-1536x653.jpg 1536w\" sizes=\"(max-width: 1920px) 100vw, 1920px\" \/>\t\t\t\t\t\t\t\t\t\t\t\t\t\t\t<\/div>\n\t\t\t\t<\/div>\n\t\t\t\t\t<\/div>\n\t\t<\/div>\n\t\t\t\t\t\t\t<\/div>\n\t\t<\/section>\n\t\t\t\t<section class=\"elementor-section elementor-top-section elementor-element elementor-element-e5e7277 elementor-section-boxed elementor-section-height-default elementor-section-height-default\" data-id=\"e5e7277\" data-element_type=\"section\">\n\t\t\t\t\t\t<div class=\"elementor-container elementor-column-gap-default\">\n\t\t\t\t\t<div class=\"elementor-column elementor-col-100 elementor-top-column elementor-element elementor-element-5c57735\" data-id=\"5c57735\" data-element_type=\"column\">\n\t\t\t<div class=\"elementor-widget-wrap elementor-element-populated\">\n\t\t\t\t\t\t\t\t<div class=\"elementor-element elementor-element-7b77b8f elementor-widget elementor-widget-text-editor\" data-id=\"7b77b8f\" data-element_type=\"widget\" data-widget_type=\"text-editor.default\">\n\t\t\t\t<div class=\"elementor-widget-container\">\n\t\t\t\t\t\t\t<h2 style=\"text-align: center;\"><span style=\"color: #ceab5d;\"><span style=\"color: #ffffff;\">LA P\u00c9DAGOGIE DE\u00a0<span style=\"color: #ceab5d;\">L&#8217;ALTERNANCE<\/span><\/span><\/span><\/h2>\t\t\t\t\t\t<\/div>\n\t\t\t\t<\/div>\n\t\t\t\t\t<\/div>\n\t\t<\/div>\n\t\t\t\t\t\t\t<\/div>\n\t\t<\/section>\n\t\t\t\t<section class=\"elementor-section elementor-top-section elementor-element elementor-element-0d0396d elementor-section-boxed elementor-section-height-default elementor-section-height-default\" data-id=\"0d0396d\" data-element_type=\"section\">\n\t\t\t\t\t\t<div class=\"elementor-container elementor-column-gap-default\">\n\t\t\t\t\t<div class=\"elementor-column elementor-col-100 elementor-top-column elementor-element elementor-element-66a39c9\" data-id=\"66a39c9\" data-element_type=\"column\">\n\t\t\t<div class=\"elementor-widget-wrap elementor-element-populated\">\n\t\t\t\t\t\t\t\t<div class=\"elementor-element elementor-element-08d6826 elementor-widget elementor-widget-image\" data-id=\"08d6826\" data-element_type=\"widget\" data-widget_type=\"image.default\">\n\t\t\t\t<div class=\"elementor-widget-container\">\n\t\t\t\t\t\t\t\t\t\t\t\t\t\t\t<img loading=\"lazy\" decoding=\"async\" width=\"1920\" height=\"562\" src=\"https:\/\/www.mfr53.org\/web\/wp-content\/uploads\/2024\/01\/Carre-arrondi3.jpg\" class=\"attachment-full size-full wp-image-3269\" alt=\"MFR-53-Valeurs-La-p\u00e9dagogie-de-l&#039;alternance\" srcset=\"https:\/\/www.mfr53.org\/web\/wp-content\/uploads\/2024\/01\/Carre-arrondi3.jpg 1920w, https:\/\/www.mfr53.org\/web\/wp-content\/uploads\/2024\/01\/Carre-arrondi3-300x88.jpg 300w, https:\/\/www.mfr53.org\/web\/wp-content\/uploads\/2024\/01\/Carre-arrondi3-1024x300.jpg 1024w, https:\/\/www.mfr53.org\/web\/wp-content\/uploads\/2024\/01\/Carre-arrondi3-768x225.jpg 768w, https:\/\/www.mfr53.org\/web\/wp-content\/uploads\/2024\/01\/Carre-arrondi3-1536x450.jpg 1536w\" sizes=\"(max-width: 1920px) 100vw, 1920px\" \/>\t\t\t\t\t\t\t\t\t\t\t\t\t\t\t<\/div>\n\t\t\t\t<\/div>\n\t\t\t\t\t<\/div>\n\t\t<\/div>\n\t\t\t\t\t\t\t<\/div>\n\t\t<\/section>\n\t\t\t\t<section class=\"elementor-section elementor-top-section elementor-element elementor-element-1273485 elementor-section-boxed elementor-section-height-default elementor-section-height-default\" data-id=\"1273485\" data-element_type=\"section\">\n\t\t\t\t\t\t<div class=\"elementor-container elementor-column-gap-default\">\n\t\t\t\t\t<div class=\"elementor-column elementor-col-100 elementor-top-column elementor-element elementor-element-0480512\" data-id=\"0480512\" data-element_type=\"column\">\n\t\t\t<div class=\"elementor-widget-wrap elementor-element-populated\">\n\t\t\t\t\t\t\t\t<div class=\"elementor-element elementor-element-349d778 elementor-widget elementor-widget-text-editor\" data-id=\"349d778\" data-element_type=\"widget\" data-widget_type=\"text-editor.default\">\n\t\t\t\t<div class=\"elementor-widget-container\">\n\t\t\t\t\t\t\t<p><span style=\"color: #ffffff;\">Nous proposons des formations par alternance qui ont toutes <span style=\"color: #000000;\">la m\u00eame caract\u00e9ristique<\/span>, une partie de la formation se d\u00e9roule en entreprise et une autre partie \u00e0 la MFR. <\/span><\/p><p><span style=\"color: #ffffff;\">Pour mettre en \u0153uvre ces formations par alternance o\u00f9 chaque jeune est actif, les Maisons Familiales Rurales :<\/span><\/p><ul><li><span style=\"color: #ffffff;\"><span style=\"color: #000000;\">\u00c9laborent un plan de formation<\/span> qui organise les apprentissages entre les diff\u00e9rents lieux \u00e9ducatifs sur l\u2019ann\u00e9e (les temps \u00e0 la MFR et les temps en entreprise sont \u00e9troitement associ\u00e9s).<\/span><\/li><li><span style=\"color: #ffffff;\"><span style=\"color: #000000;\">Pr\u00e9parent les s\u00e9jours en entreprise<\/span>. Les jeunes doivent r\u00e9aliser une enqu\u00eate appel\u00e9e plan d\u2019\u00e9tude durant leur stage. Ce travail sera utilis\u00e9 dans les cours au retour \u00e0 la maison familiale.<\/span><\/li><li><span style=\"color: #ffffff;\"><span style=\"color: #000000;\">Facilitent la communication entre les parents<\/span>, les ma\u00eetres de stage ou d\u2019apprentissage et les moniteurs, via l\u2019utilisation d\u2019un carnet de liaison.<\/span><\/li><\/ul>\t\t\t\t\t\t<\/div>\n\t\t\t\t<\/div>\n\t\t\t\t\t<\/div>\n\t\t<\/div>\n\t\t\t\t\t\t\t<\/div>\n\t\t<\/section>\n\t\t\t\t\t\t\t<\/div>\n\t\t","protected":false},"excerpt":{"rendered":"<p>LA P\u00c9DAGOGIE DE\u00a0L&#8217;ALTERNANCE Nous proposons des formations par alternance qui ont toutes la m\u00eame caract\u00e9ristique, une partie de la formation se d\u00e9roule en entreprise et une autre partie \u00e0 la MFR. Pour mettre en \u0153uvre ces formations par alternance o\u00f9 chaque jeune est actif, les Maisons Familiales Rurales : \u00c9laborent un plan de formation qui<\/p>\n<p><a href=\"https:\/\/www.mfr53.org\/web\/reussir-autrement-2-2\/\" class=\"more-link\">Lire la suite<\/a><\/p>\n","protected":false},"author":3,"featured_media":0,"parent":0,"menu_order":0,"comment_status":"closed","ping_status":"closed","template":"elementor_header_footer","meta":{"footnotes":""},"_links":{"self":[{"href":"https:\/\/www.mfr53.org\/web\/wp-json\/wp\/v2\/pages\/2488"}],"collection":[{"href":"https:\/\/www.mfr53.org\/web\/wp-json\/wp\/v2\/pages"}],"about":[{"href":"https:\/\/www.mfr53.org\/web\/wp-json\/wp\/v2\/types\/page"}],"author":[{"embeddable":true,"href":"https:\/\/www.mfr53.org\/web\/wp-json\/wp\/v2\/users\/3"}],"replies":[{"embeddable":true,"href":"https:\/\/www.mfr53.org\/web\/wp-json\/wp\/v2\/comments?post=2488"}],"version-history":[{"count":26,"href":"https:\/\/www.mfr53.org\/web\/wp-json\/wp\/v2\/pages\/2488\/revisions"}],"predecessor-version":[{"id":3849,"href":"https:\/\/www.mfr53.org\/web\/wp-json\/wp\/v2\/pages\/2488\/revisions\/3849"}],"wp:attachment":[{"href":"https:\/\/www.mfr53.org\/web\/wp-json\/wp\/v2\/media?parent=2488"}],"curies":[{"name":"wp","href":"https:\/\/api.w.org\/{rel}","templated":true}]}}