{"id":2380,"date":"2023-11-30T10:16:27","date_gmt":"2023-11-30T09:16:27","guid":{"rendered":"https:\/\/www.mfr53.org\/web\/?page_id=2380"},"modified":"2024-01-29T16:44:24","modified_gmt":"2024-01-29T15:44:24","slug":"commerce-vente-2","status":"publish","type":"page","link":"https:\/\/www.mfr53.org\/web\/commerce-vente-2\/","title":{"rendered":"Commerce &#038; vente &#8211; 2"},"content":{"rendered":"\t\t<div data-elementor-type=\"wp-page\" data-elementor-id=\"2380\" class=\"elementor elementor-2380\">\n\t\t\t\t\t\t\t\t\t<section class=\"elementor-section elementor-top-section elementor-element elementor-element-540ad82 elementor-section-full_width elementor-section-height-default elementor-section-height-default\" data-id=\"540ad82\" data-element_type=\"section\" data-settings=\"{&quot;background_background&quot;:&quot;classic&quot;}\">\n\t\t\t\t\t\t<div class=\"elementor-container elementor-column-gap-no\">\n\t\t\t\t\t<div class=\"elementor-column elementor-col-100 elementor-top-column elementor-element elementor-element-265126d\" data-id=\"265126d\" data-element_type=\"column\">\n\t\t\t<div class=\"elementor-widget-wrap elementor-element-populated\">\n\t\t\t\t\t\t\t\t<div class=\"elementor-element elementor-element-35ceb1c elementor-widget__width-initial elementor-widget elementor-widget-image\" data-id=\"35ceb1c\" data-element_type=\"widget\" data-widget_type=\"image.default\">\n\t\t\t\t<div class=\"elementor-widget-container\">\n\t\t\t\t\t\t\t\t\t\t\t\t\t\t\t<img loading=\"lazy\" decoding=\"async\" width=\"1920\" height=\"820\" src=\"https:\/\/www.mfr53.org\/web\/wp-content\/uploads\/2024\/01\/MFR-53-Metiers-de-la-vente-et-du-commerce.jpg\" class=\"attachment-full size-full wp-image-3228\" alt=\"MFR-53-M\u00e9tiers-de-la-vente-et-du-commerce\" srcset=\"https:\/\/www.mfr53.org\/web\/wp-content\/uploads\/2024\/01\/MFR-53-Metiers-de-la-vente-et-du-commerce.jpg 1920w, https:\/\/www.mfr53.org\/web\/wp-content\/uploads\/2024\/01\/MFR-53-Metiers-de-la-vente-et-du-commerce-300x128.jpg 300w, https:\/\/www.mfr53.org\/web\/wp-content\/uploads\/2024\/01\/MFR-53-Metiers-de-la-vente-et-du-commerce-1024x437.jpg 1024w, https:\/\/www.mfr53.org\/web\/wp-content\/uploads\/2024\/01\/MFR-53-Metiers-de-la-vente-et-du-commerce-768x328.jpg 768w, https:\/\/www.mfr53.org\/web\/wp-content\/uploads\/2024\/01\/MFR-53-Metiers-de-la-vente-et-du-commerce-1536x656.jpg 1536w\" sizes=\"(max-width: 1920px) 100vw, 1920px\" \/>\t\t\t\t\t\t\t\t\t\t\t\t\t\t\t<\/div>\n\t\t\t\t<\/div>\n\t\t\t\t\t<\/div>\n\t\t<\/div>\n\t\t\t\t\t\t\t<\/div>\n\t\t<\/section>\n\t\t\t\t<section class=\"elementor-section elementor-top-section elementor-element elementor-element-e5e7277 elementor-section-boxed elementor-section-height-default elementor-section-height-default\" data-id=\"e5e7277\" data-element_type=\"section\">\n\t\t\t\t\t\t<div class=\"elementor-container elementor-column-gap-default\">\n\t\t\t\t\t<div class=\"elementor-column elementor-col-100 elementor-top-column elementor-element elementor-element-5c57735\" data-id=\"5c57735\" data-element_type=\"column\">\n\t\t\t<div class=\"elementor-widget-wrap elementor-element-populated\">\n\t\t\t\t\t\t\t\t<div class=\"elementor-element elementor-element-7b77b8f elementor-widget elementor-widget-text-editor\" data-id=\"7b77b8f\" data-element_type=\"widget\" data-widget_type=\"text-editor.default\">\n\t\t\t\t<div class=\"elementor-widget-container\">\n\t\t\t\t\t\t\t<h2 style=\"text-align: center;\"><span style=\"color: #ffffff;\">LES M\u00c9TIERS DU <\/span><span style=\"color: #ceab5d;\">COMMERCE\u00a0<\/span><span style=\"color: #ffffff;\">ET DE\u00a0<span style=\"color: #ceab5d;\"><span style=\"color: #ffffff;\">LA<\/span> VENTE<\/span><\/span><\/h2>\t\t\t\t\t\t<\/div>\n\t\t\t\t<\/div>\n\t\t\t\t\t<\/div>\n\t\t<\/div>\n\t\t\t\t\t\t\t<\/div>\n\t\t<\/section>\n\t\t\t\t<section class=\"elementor-section elementor-top-section elementor-element elementor-element-0d0396d elementor-section-boxed elementor-section-height-default elementor-section-height-default\" data-id=\"0d0396d\" data-element_type=\"section\">\n\t\t\t\t\t\t<div class=\"elementor-container elementor-column-gap-no\">\n\t\t\t\t\t<div class=\"elementor-column elementor-col-100 elementor-top-column elementor-element elementor-element-66a39c9\" data-id=\"66a39c9\" data-element_type=\"column\">\n\t\t\t<div class=\"elementor-widget-wrap elementor-element-populated\">\n\t\t\t\t\t\t\t\t<div class=\"elementor-element elementor-element-08d6826 elementor-widget elementor-widget-image\" data-id=\"08d6826\" data-element_type=\"widget\" data-widget_type=\"image.default\">\n\t\t\t\t<div class=\"elementor-widget-container\">\n\t\t\t\t\t\t\t\t\t\t\t\t\t\t\t<img loading=\"lazy\" decoding=\"async\" width=\"1920\" height=\"332\" src=\"https:\/\/www.mfr53.org\/web\/wp-content\/uploads\/2024\/01\/Carre-arrondi-9.jpg\" class=\"attachment-full size-full wp-image-3229\" alt=\"MFR-53-M\u00e9tiers-de-la-vente-et-du-commerce\" srcset=\"https:\/\/www.mfr53.org\/web\/wp-content\/uploads\/2024\/01\/Carre-arrondi-9.jpg 1920w, https:\/\/www.mfr53.org\/web\/wp-content\/uploads\/2024\/01\/Carre-arrondi-9-300x52.jpg 300w, https:\/\/www.mfr53.org\/web\/wp-content\/uploads\/2024\/01\/Carre-arrondi-9-1024x177.jpg 1024w, https:\/\/www.mfr53.org\/web\/wp-content\/uploads\/2024\/01\/Carre-arrondi-9-768x133.jpg 768w, https:\/\/www.mfr53.org\/web\/wp-content\/uploads\/2024\/01\/Carre-arrondi-9-1536x266.jpg 1536w\" sizes=\"(max-width: 1920px) 100vw, 1920px\" \/>\t\t\t\t\t\t\t\t\t\t\t\t\t\t\t<\/div>\n\t\t\t\t<\/div>\n\t\t\t\t\t<\/div>\n\t\t<\/div>\n\t\t\t\t\t\t\t<\/div>\n\t\t<\/section>\n\t\t\t\t<section class=\"elementor-section elementor-top-section elementor-element elementor-element-1273485 elementor-section-boxed elementor-section-height-default elementor-section-height-default\" data-id=\"1273485\" data-element_type=\"section\">\n\t\t\t\t\t\t<div class=\"elementor-container elementor-column-gap-default\">\n\t\t\t\t\t<div class=\"elementor-column elementor-col-100 elementor-top-column elementor-element elementor-element-0480512\" data-id=\"0480512\" data-element_type=\"column\">\n\t\t\t<div class=\"elementor-widget-wrap elementor-element-populated\">\n\t\t\t\t\t\t\t\t<div class=\"elementor-element elementor-element-349d778 elementor-widget elementor-widget-text-editor\" data-id=\"349d778\" data-element_type=\"widget\" data-widget_type=\"text-editor.default\">\n\t\t\t\t<div class=\"elementor-widget-container\">\n\t\t\t\t\t\t\t<h1><span style=\"color: #ffffff;\">LES QUALIT\u00c9S\u00a0<\/span><\/h1><h1><span style=\"color: #ffffff;\"><span style=\"color: #000000;\">RELATIONNELLES<\/span><\/span><\/h1><p><span style=\"white-space-collapse: preserve; color: #ffffff;\">Les jeunes et adultes qui s\u2019engagent dans ces m\u00e9tiers passionnants s\u2019investissent au quotidien pour cr\u00e9er du beau, du bien-\u00eatre tout en \u00e9tant tr\u00e8s proches de la nature et du v\u00e9g\u00e9tal. On distingue les m\u00e9tiers de l\u2019horticulture, du mara\u00eechage qui requi\u00e8rent des comp\u00e9tences scientifiques, de biologie, le sens de l\u2019esth\u00e9tisme et de la cr\u00e9ation. Les professionnels du paysage participent \u00e0 l\u2019am\u00e9nagement de notre cadre de vie en ville comme en campagne .<\/span><\/p><p><span style=\"white-space-collapse: preserve; color: #ffffff;\">\u00a0<\/span><\/p>\t\t\t\t\t\t<\/div>\n\t\t\t\t<\/div>\n\t\t\t\t\t<\/div>\n\t\t<\/div>\n\t\t\t\t\t\t\t<\/div>\n\t\t<\/section>\n\t\t\t\t<section class=\"elementor-section elementor-top-section elementor-element elementor-element-44631a5 elementor-section-boxed elementor-section-height-default elementor-section-height-default\" data-id=\"44631a5\" data-element_type=\"section\">\n\t\t\t\t\t\t\t<div class=\"elementor-background-overlay\"><\/div>\n\t\t\t\t\t\t\t<div class=\"elementor-container elementor-column-gap-default\">\n\t\t\t\t\t<div class=\"elementor-column elementor-col-100 elementor-top-column elementor-element elementor-element-d17445d\" data-id=\"d17445d\" data-element_type=\"column\">\n\t\t\t<div class=\"elementor-widget-wrap elementor-element-populated\">\n\t\t\t\t\t\t\t\t<div class=\"elementor-element elementor-element-5af2014 elementor-widget elementor-widget-heading\" data-id=\"5af2014\" data-element_type=\"widget\" data-widget_type=\"heading.default\">\n\t\t\t\t<div class=\"elementor-widget-container\">\n\t\t\t<h2 class=\"elementor-heading-title elementor-size-default\">FORMATIONS PROPOS\u00c9ES<\/h2>\t\t<\/div>\n\t\t\t\t<\/div>\n\t\t\t\t\t<\/div>\n\t\t<\/div>\n\t\t\t\t\t\t\t<\/div>\n\t\t<\/section>\n\t\t\t\t<section class=\"elementor-section elementor-top-section elementor-element elementor-element-a5429d0 elementor-section-boxed elementor-section-height-default elementor-section-height-default\" data-id=\"a5429d0\" data-element_type=\"section\">\n\t\t\t\t\t\t\t<div class=\"elementor-background-overlay\"><\/div>\n\t\t\t\t\t\t\t<div class=\"elementor-container elementor-column-gap-default\">\n\t\t\t\t\t<div class=\"elementor-column elementor-col-100 elementor-top-column elementor-element elementor-element-68532d0\" data-id=\"68532d0\" data-element_type=\"column\">\n\t\t\t<div class=\"elementor-widget-wrap elementor-element-populated\">\n\t\t\t\t\t\t\t\t<div class=\"elementor-element elementor-element-23103b7 elementor-invisible elementor-widget elementor-widget-image\" data-id=\"23103b7\" data-element_type=\"widget\" data-settings=\"{&quot;_animation&quot;:&quot;bounce&quot;}\" data-widget_type=\"image.default\">\n\t\t\t\t<div class=\"elementor-widget-container\">\n\t\t\t\t\t\t\t\t\t\t\t\t\t\t\t\t<a href=\"https:\/\/www.mfr-pre-en-pail.fr\/\">\n\t\t\t\t\t\t\t<img loading=\"lazy\" decoding=\"async\" width=\"696\" height=\"545\" src=\"https:\/\/www.mfr53.org\/web\/wp-content\/uploads\/2024\/01\/MFR-La-chauviniere-Pre-en-Pail-MFR-53-3-768x601.jpg\" class=\"elementor-animation-grow attachment-medium_large size-medium_large wp-image-3230\" alt=\"MFR-La-chauvini\u00e8re-Pr\u00e9-en-Pail-MFR-53-m\u00e9tiers-du-commerce-et-de-la-vente\" srcset=\"https:\/\/www.mfr53.org\/web\/wp-content\/uploads\/2024\/01\/MFR-La-chauviniere-Pre-en-Pail-MFR-53-3-768x601.jpg 768w, https:\/\/www.mfr53.org\/web\/wp-content\/uploads\/2024\/01\/MFR-La-chauviniere-Pre-en-Pail-MFR-53-3-300x235.jpg 300w, https:\/\/www.mfr53.org\/web\/wp-content\/uploads\/2024\/01\/MFR-La-chauviniere-Pre-en-Pail-MFR-53-3.jpg 877w\" sizes=\"(max-width: 696px) 100vw, 696px\" \/>\t\t\t\t\t\t\t\t<\/a>\n\t\t\t\t\t\t\t\t\t\t\t\t\t\t\t<\/div>\n\t\t\t\t<\/div>\n\t\t\t\t\t<\/div>\n\t\t<\/div>\n\t\t\t\t\t\t\t<\/div>\n\t\t<\/section>\n\t\t\t\t<section class=\"elementor-section elementor-top-section elementor-element elementor-element-214af60 elementor-section-boxed elementor-section-height-default elementor-section-height-default\" data-id=\"214af60\" data-element_type=\"section\">\n\t\t\t\t\t\t<div class=\"elementor-container elementor-column-gap-default\">\n\t\t\t\t\t<div class=\"elementor-column elementor-col-100 elementor-top-column elementor-element elementor-element-6aaa110\" data-id=\"6aaa110\" data-element_type=\"column\">\n\t\t\t<div class=\"elementor-widget-wrap elementor-element-populated\">\n\t\t\t\t\t\t\t\t<div class=\"elementor-element elementor-element-d31d61f elementor-invisible elementor-widget elementor-widget-text-editor\" data-id=\"d31d61f\" data-element_type=\"widget\" data-settings=\"{&quot;_animation&quot;:&quot;bounce&quot;}\" data-widget_type=\"text-editor.default\">\n\t\t\t\t<div class=\"elementor-widget-container\">\n\t\t\t\t\t\t\t<h4 style=\"text-align: center;\"><span style=\"color: #ffffff;\"><a style=\"color: #ffffff;\" href=\"https:\/\/www.mfr-pre-en-pail.fr\/\">MFR &#8220;La Chauvini\u00e8re&#8221; Pr\u00e9-en-Pail<\/a><\/span><\/h4>\t\t\t\t\t\t<\/div>\n\t\t\t\t<\/div>\n\t\t\t\t\t<\/div>\n\t\t<\/div>\n\t\t\t\t\t\t\t<\/div>\n\t\t<\/section>\n\t\t\t\t<section class=\"elementor-section elementor-top-section elementor-element elementor-element-220210e elementor-section-boxed elementor-section-height-default elementor-section-height-default\" data-id=\"220210e\" data-element_type=\"section\">\n\t\t\t\t\t\t<div class=\"elementor-container elementor-column-gap-default\">\n\t\t\t\t\t<div class=\"elementor-column elementor-col-100 elementor-top-column elementor-element elementor-element-8512a98\" data-id=\"8512a98\" data-element_type=\"column\">\n\t\t\t<div class=\"elementor-widget-wrap elementor-element-populated\">\n\t\t\t\t\t\t\t\t<div class=\"elementor-element elementor-element-1e89450 elementor-invisible elementor-widget elementor-widget-text-editor\" data-id=\"1e89450\" data-element_type=\"widget\" data-settings=\"{&quot;_animation&quot;:&quot;bounce&quot;}\" data-widget_type=\"text-editor.default\">\n\t\t\t\t<div class=\"elementor-widget-container\">\n\t\t\t\t\t\t\t<p style=\"text-align: center;\"><span style=\"color: #ffffff;\"><br><\/span><\/p><p style=\"text-align: center;\"><span style=\"color: #ffffff;\">CAPa &#8211; Services Aux Personnes et Vente en Espace Rural<\/span><\/p>\t\t\t\t\t\t<\/div>\n\t\t\t\t<\/div>\n\t\t\t\t\t<\/div>\n\t\t<\/div>\n\t\t\t\t\t\t\t<\/div>\n\t\t<\/section>\n\t\t\t\t<section class=\"elementor-section elementor-top-section elementor-element elementor-element-3d75808 elementor-section-boxed elementor-section-height-default elementor-section-height-default\" data-id=\"3d75808\" data-element_type=\"section\">\n\t\t\t\t\t\t\t<div class=\"elementor-background-overlay\"><\/div>\n\t\t\t\t\t\t\t<div class=\"elementor-container elementor-column-gap-default\">\n\t\t\t\t\t<div class=\"elementor-column elementor-col-100 elementor-top-column elementor-element elementor-element-2595efa\" data-id=\"2595efa\" data-element_type=\"column\">\n\t\t\t<div class=\"elementor-widget-wrap elementor-element-populated\">\n\t\t\t\t\t\t\t\t<div class=\"elementor-element elementor-element-ec26664 elementor-widget elementor-widget-image\" data-id=\"ec26664\" data-element_type=\"widget\" data-widget_type=\"image.default\">\n\t\t\t\t<div class=\"elementor-widget-container\">\n\t\t\t\t\t\t\t\t\t\t\t\t\t\t\t\t<a href=\"http:\/\/www.mfrsaintberthevin.com\/\">\n\t\t\t\t\t\t\t<img loading=\"lazy\" decoding=\"async\" width=\"696\" height=\"560\" src=\"https:\/\/www.mfr53.org\/web\/wp-content\/uploads\/2024\/01\/MFR-Saint-Berthevin-MFR-53-4-768x618.jpg\" class=\"elementor-animation-grow attachment-medium_large size-medium_large wp-image-3231\" alt=\"MFR-Saint-Berthevin-MFR-53--m\u00e9tiers-du-commerce-et-de-la-vente\" srcset=\"https:\/\/www.mfr53.org\/web\/wp-content\/uploads\/2024\/01\/MFR-Saint-Berthevin-MFR-53-4-768x618.jpg 768w, https:\/\/www.mfr53.org\/web\/wp-content\/uploads\/2024\/01\/MFR-Saint-Berthevin-MFR-53-4-300x242.jpg 300w, https:\/\/www.mfr53.org\/web\/wp-content\/uploads\/2024\/01\/MFR-Saint-Berthevin-MFR-53-4.jpg 867w\" sizes=\"(max-width: 696px) 100vw, 696px\" \/>\t\t\t\t\t\t\t\t<\/a>\n\t\t\t\t\t\t\t\t\t\t\t\t\t\t\t<\/div>\n\t\t\t\t<\/div>\n\t\t\t\t\t<\/div>\n\t\t<\/div>\n\t\t\t\t\t\t\t<\/div>\n\t\t<\/section>\n\t\t\t\t<section class=\"elementor-section elementor-top-section elementor-element elementor-element-238d3df elementor-section-boxed elementor-section-height-default elementor-section-height-default\" data-id=\"238d3df\" data-element_type=\"section\">\n\t\t\t\t\t\t<div class=\"elementor-container elementor-column-gap-default\">\n\t\t\t\t\t<div class=\"elementor-column elementor-col-100 elementor-top-column elementor-element elementor-element-9655cbc\" data-id=\"9655cbc\" data-element_type=\"column\">\n\t\t\t<div class=\"elementor-widget-wrap elementor-element-populated\">\n\t\t\t\t\t\t\t\t<div class=\"elementor-element elementor-element-14fe882 elementor-invisible elementor-widget elementor-widget-text-editor\" data-id=\"14fe882\" data-element_type=\"widget\" data-settings=\"{&quot;_animation&quot;:&quot;bounce&quot;}\" data-widget_type=\"text-editor.default\">\n\t\t\t\t<div class=\"elementor-widget-container\">\n\t\t\t\t\t\t\t<h4 style=\"text-align: center;\"><a href=\"http:\/\/www.mfrsaintberthevin.com\/\"><span style=\"color: #ffffff;\">MFR Saint-Berthevin<\/span><\/a><\/h4>\t\t\t\t\t\t<\/div>\n\t\t\t\t<\/div>\n\t\t\t\t\t<\/div>\n\t\t<\/div>\n\t\t\t\t\t\t\t<\/div>\n\t\t<\/section>\n\t\t\t\t<section class=\"elementor-section elementor-top-section elementor-element elementor-element-6159b0e elementor-section-boxed elementor-section-height-default elementor-section-height-default\" data-id=\"6159b0e\" data-element_type=\"section\">\n\t\t\t\t\t\t<div class=\"elementor-container elementor-column-gap-default\">\n\t\t\t\t\t<div class=\"elementor-column elementor-col-100 elementor-top-column elementor-element elementor-element-db49e4b\" data-id=\"db49e4b\" data-element_type=\"column\">\n\t\t\t<div class=\"elementor-widget-wrap elementor-element-populated\">\n\t\t\t\t\t\t\t\t<div class=\"elementor-element elementor-element-83cc053 elementor-invisible elementor-widget elementor-widget-text-editor\" data-id=\"83cc053\" data-element_type=\"widget\" data-settings=\"{&quot;_animation&quot;:&quot;bounce&quot;}\" data-widget_type=\"text-editor.default\">\n\t\t\t\t<div class=\"elementor-widget-container\">\n\t\t\t\t\t\t\t<p style=\"text-align: center;\"><span style=\"color: #ffffff;\">CAPa &#8211; Services Aux Personnes et Vente en Espace Rural<\/span><span style=\"color: #ffffff;\"><br \/><\/span><\/p><p style=\"text-align: center;\"><span style=\"color: #ffffff;\">CAP &#8211; \u00c9quipier Polyvalent du Commerce<\/span><\/p><p style=\"text-align: center;\"><span style=\"color: #ffffff;\">Bac Pro &#8211; Commerce Technicien Conseil Vente en Alimentation\u00a0<\/span><\/p>\t\t\t\t\t\t<\/div>\n\t\t\t\t<\/div>\n\t\t\t\t\t<\/div>\n\t\t<\/div>\n\t\t\t\t\t\t\t<\/div>\n\t\t<\/section>\n\t\t\t\t\t\t\t<\/div>\n\t\t","protected":false},"excerpt":{"rendered":"<p>LES M\u00c9TIERS DU COMMERCE\u00a0ET DE\u00a0LA VENTE LES QUALIT\u00c9S\u00a0 RELATIONNELLES Les jeunes et adultes qui s\u2019engagent dans ces m\u00e9tiers passionnants s\u2019investissent au quotidien pour cr\u00e9er du beau, du bien-\u00eatre tout en \u00e9tant tr\u00e8s proches de la nature et du v\u00e9g\u00e9tal. On distingue les m\u00e9tiers de l\u2019horticulture, du mara\u00eechage qui requi\u00e8rent des comp\u00e9tences scientifiques, de biologie, le<\/p>\n<p><a href=\"https:\/\/www.mfr53.org\/web\/commerce-vente-2\/\" class=\"more-link\">Lire la suite<\/a><\/p>\n","protected":false},"author":3,"featured_media":0,"parent":0,"menu_order":0,"comment_status":"closed","ping_status":"closed","template":"elementor_header_footer","meta":{"footnotes":""},"_links":{"self":[{"href":"https:\/\/www.mfr53.org\/web\/wp-json\/wp\/v2\/pages\/2380"}],"collection":[{"href":"https:\/\/www.mfr53.org\/web\/wp-json\/wp\/v2\/pages"}],"about":[{"href":"https:\/\/www.mfr53.org\/web\/wp-json\/wp\/v2\/types\/page"}],"author":[{"embeddable":true,"href":"https:\/\/www.mfr53.org\/web\/wp-json\/wp\/v2\/users\/3"}],"replies":[{"embeddable":true,"href":"https:\/\/www.mfr53.org\/web\/wp-json\/wp\/v2\/comments?post=2380"}],"version-history":[{"count":43,"href":"https:\/\/www.mfr53.org\/web\/wp-json\/wp\/v2\/pages\/2380\/revisions"}],"predecessor-version":[{"id":3663,"href":"https:\/\/www.mfr53.org\/web\/wp-json\/wp\/v2\/pages\/2380\/revisions\/3663"}],"wp:attachment":[{"href":"https:\/\/www.mfr53.org\/web\/wp-json\/wp\/v2\/media?parent=2380"}],"curies":[{"name":"wp","href":"https:\/\/api.w.org\/{rel}","templated":true}]}}