{"id":2349,"date":"2023-11-30T09:58:45","date_gmt":"2023-11-30T08:58:45","guid":{"rendered":"https:\/\/www.mfr53.org\/web\/?page_id=2349"},"modified":"2024-01-30T13:03:53","modified_gmt":"2024-01-30T12:03:53","slug":"fleuristerie-2","status":"publish","type":"page","link":"https:\/\/www.mfr53.org\/web\/fleuristerie-2\/","title":{"rendered":"Fleuristerie &#8211; 2"},"content":{"rendered":"\t\t<div data-elementor-type=\"wp-page\" data-elementor-id=\"2349\" class=\"elementor elementor-2349\">\n\t\t\t\t\t\t\t\t\t<section class=\"elementor-section elementor-top-section elementor-element elementor-element-540ad82 elementor-section-full_width elementor-section-height-default elementor-section-height-default\" data-id=\"540ad82\" data-element_type=\"section\" data-settings=\"{&quot;background_background&quot;:&quot;classic&quot;}\">\n\t\t\t\t\t\t<div class=\"elementor-container elementor-column-gap-no\">\n\t\t\t\t\t<div class=\"elementor-column elementor-col-100 elementor-top-column elementor-element elementor-element-265126d\" data-id=\"265126d\" data-element_type=\"column\">\n\t\t\t<div class=\"elementor-widget-wrap elementor-element-populated\">\n\t\t\t\t\t\t\t\t<div class=\"elementor-element elementor-element-35ceb1c elementor-widget__width-initial elementor-widget elementor-widget-image\" data-id=\"35ceb1c\" data-element_type=\"widget\" data-widget_type=\"image.default\">\n\t\t\t\t<div class=\"elementor-widget-container\">\n\t\t\t\t\t\t\t\t\t\t\t\t\t\t\t<img loading=\"lazy\" decoding=\"async\" width=\"1920\" height=\"821\" src=\"https:\/\/www.mfr53.org\/web\/wp-content\/uploads\/2024\/01\/MFR-53-les-metiers-de-la-fleuristerie.jpg\" class=\"attachment-full size-full wp-image-3204\" alt=\"MFR-53-les-m\u00e9tiers-de-la-fleuristerie\" srcset=\"https:\/\/www.mfr53.org\/web\/wp-content\/uploads\/2024\/01\/MFR-53-les-metiers-de-la-fleuristerie.jpg 1920w, https:\/\/www.mfr53.org\/web\/wp-content\/uploads\/2024\/01\/MFR-53-les-metiers-de-la-fleuristerie-300x128.jpg 300w, https:\/\/www.mfr53.org\/web\/wp-content\/uploads\/2024\/01\/MFR-53-les-metiers-de-la-fleuristerie-1024x438.jpg 1024w, https:\/\/www.mfr53.org\/web\/wp-content\/uploads\/2024\/01\/MFR-53-les-metiers-de-la-fleuristerie-768x328.jpg 768w, https:\/\/www.mfr53.org\/web\/wp-content\/uploads\/2024\/01\/MFR-53-les-metiers-de-la-fleuristerie-1536x657.jpg 1536w\" sizes=\"(max-width: 1920px) 100vw, 1920px\" \/>\t\t\t\t\t\t\t\t\t\t\t\t\t\t\t<\/div>\n\t\t\t\t<\/div>\n\t\t\t\t\t<\/div>\n\t\t<\/div>\n\t\t\t\t\t\t\t<\/div>\n\t\t<\/section>\n\t\t\t\t<section class=\"elementor-section elementor-top-section elementor-element elementor-element-e5e7277 elementor-section-boxed elementor-section-height-default elementor-section-height-default\" data-id=\"e5e7277\" data-element_type=\"section\">\n\t\t\t\t\t\t<div class=\"elementor-container elementor-column-gap-default\">\n\t\t\t\t\t<div class=\"elementor-column elementor-col-100 elementor-top-column elementor-element elementor-element-5c57735\" data-id=\"5c57735\" data-element_type=\"column\">\n\t\t\t<div class=\"elementor-widget-wrap elementor-element-populated\">\n\t\t\t\t\t\t\t\t<div class=\"elementor-element elementor-element-7b77b8f elementor-widget elementor-widget-text-editor\" data-id=\"7b77b8f\" data-element_type=\"widget\" data-widget_type=\"text-editor.default\">\n\t\t\t\t<div class=\"elementor-widget-container\">\n\t\t\t\t\t\t\t<h2 style=\"text-align: center;\"><span style=\"color: #ffffff;\">LES M\u00c9TIERS DE LA\u00a0<span style=\"color: #ceab5d;\">FLEURISTERIE<\/span><\/span><\/h2>\t\t\t\t\t\t<\/div>\n\t\t\t\t<\/div>\n\t\t\t\t\t<\/div>\n\t\t<\/div>\n\t\t\t\t\t\t\t<\/div>\n\t\t<\/section>\n\t\t\t\t<section class=\"elementor-section elementor-top-section elementor-element elementor-element-0d0396d elementor-section-boxed elementor-section-height-default elementor-section-height-default\" data-id=\"0d0396d\" data-element_type=\"section\">\n\t\t\t\t\t\t<div class=\"elementor-container elementor-column-gap-no\">\n\t\t\t\t\t<div class=\"elementor-column elementor-col-100 elementor-top-column elementor-element elementor-element-66a39c9\" data-id=\"66a39c9\" data-element_type=\"column\">\n\t\t\t<div class=\"elementor-widget-wrap elementor-element-populated\">\n\t\t\t\t\t\t\t\t<div class=\"elementor-element elementor-element-08d6826 elementor-widget elementor-widget-image\" data-id=\"08d6826\" data-element_type=\"widget\" data-widget_type=\"image.default\">\n\t\t\t\t<div class=\"elementor-widget-container\">\n\t\t\t\t\t\t\t\t\t\t\t\t\t\t\t<img loading=\"lazy\" decoding=\"async\" width=\"1920\" height=\"392\" src=\"https:\/\/www.mfr53.org\/web\/wp-content\/uploads\/2024\/01\/Carre-arrondi-7.jpg\" class=\"attachment-full size-full wp-image-3205\" alt=\"MFR-53-les-m\u00e9tiers-de-la-fleuristerie\" srcset=\"https:\/\/www.mfr53.org\/web\/wp-content\/uploads\/2024\/01\/Carre-arrondi-7.jpg 1920w, https:\/\/www.mfr53.org\/web\/wp-content\/uploads\/2024\/01\/Carre-arrondi-7-300x61.jpg 300w, https:\/\/www.mfr53.org\/web\/wp-content\/uploads\/2024\/01\/Carre-arrondi-7-1024x209.jpg 1024w, https:\/\/www.mfr53.org\/web\/wp-content\/uploads\/2024\/01\/Carre-arrondi-7-768x157.jpg 768w, https:\/\/www.mfr53.org\/web\/wp-content\/uploads\/2024\/01\/Carre-arrondi-7-1536x314.jpg 1536w\" sizes=\"(max-width: 1920px) 100vw, 1920px\" \/>\t\t\t\t\t\t\t\t\t\t\t\t\t\t\t<\/div>\n\t\t\t\t<\/div>\n\t\t\t\t\t<\/div>\n\t\t<\/div>\n\t\t\t\t\t\t\t<\/div>\n\t\t<\/section>\n\t\t\t\t<section class=\"elementor-section elementor-top-section elementor-element elementor-element-1273485 elementor-section-boxed elementor-section-height-default elementor-section-height-default\" data-id=\"1273485\" data-element_type=\"section\">\n\t\t\t\t\t\t<div class=\"elementor-container elementor-column-gap-default\">\n\t\t\t\t\t<div class=\"elementor-column elementor-col-100 elementor-top-column elementor-element elementor-element-0480512\" data-id=\"0480512\" data-element_type=\"column\">\n\t\t\t<div class=\"elementor-widget-wrap elementor-element-populated\">\n\t\t\t\t\t\t\t\t<div class=\"elementor-element elementor-element-349d778 elementor-widget elementor-widget-text-editor\" data-id=\"349d778\" data-element_type=\"widget\" data-widget_type=\"text-editor.default\">\n\t\t\t\t<div class=\"elementor-widget-container\">\n\t\t\t\t\t\t\t<h1><span style=\"color: #ffffff;\"><span style=\"color: #ffffff;\">LA QUALIT\u00c9<br \/><\/span><\/span>RELATIONNELLE\u00a0<\/h1><p><span style=\"color: #ffffff;\">V\u00e9ritable vivier d\u2019emplois, le commerce, la vente, la distribution offrent aux jeunes de nombreux d\u00e9bouch\u00e9s \u00e0 condition de s\u2019investir, d\u2019\u00eatre motiv\u00e9, passionn\u00e9 par ce secteur d\u2019activit\u00e9 qui \u00e9volue en permanence avec la vente aux particuliers, aux entreprises ou de commerce en ligne.<\/span><\/p>\t\t\t\t\t\t<\/div>\n\t\t\t\t<\/div>\n\t\t\t\t\t<\/div>\n\t\t<\/div>\n\t\t\t\t\t\t\t<\/div>\n\t\t<\/section>\n\t\t\t\t<section class=\"elementor-section elementor-top-section elementor-element elementor-element-44631a5 elementor-section-boxed elementor-section-height-default elementor-section-height-default\" data-id=\"44631a5\" data-element_type=\"section\">\n\t\t\t\t\t\t\t<div class=\"elementor-background-overlay\"><\/div>\n\t\t\t\t\t\t\t<div class=\"elementor-container elementor-column-gap-default\">\n\t\t\t\t\t<div class=\"elementor-column elementor-col-100 elementor-top-column elementor-element elementor-element-d17445d\" data-id=\"d17445d\" data-element_type=\"column\">\n\t\t\t<div class=\"elementor-widget-wrap elementor-element-populated\">\n\t\t\t\t\t\t\t\t<div class=\"elementor-element elementor-element-5af2014 elementor-widget elementor-widget-heading\" data-id=\"5af2014\" data-element_type=\"widget\" data-widget_type=\"heading.default\">\n\t\t\t\t<div class=\"elementor-widget-container\">\n\t\t\t<h2 class=\"elementor-heading-title elementor-size-default\">FORMATIONS PROPOS\u00c9ES<\/h2>\t\t<\/div>\n\t\t\t\t<\/div>\n\t\t\t\t\t<\/div>\n\t\t<\/div>\n\t\t\t\t\t\t\t<\/div>\n\t\t<\/section>\n\t\t\t\t<section class=\"elementor-section elementor-top-section elementor-element elementor-element-662760d elementor-section-boxed elementor-section-height-default elementor-section-height-default\" data-id=\"662760d\" data-element_type=\"section\">\n\t\t\t\t\t\t\t<div class=\"elementor-background-overlay\"><\/div>\n\t\t\t\t\t\t\t<div class=\"elementor-container elementor-column-gap-default\">\n\t\t\t\t\t<div class=\"elementor-column elementor-col-100 elementor-top-column elementor-element elementor-element-6e78067\" data-id=\"6e78067\" data-element_type=\"column\">\n\t\t\t<div class=\"elementor-widget-wrap elementor-element-populated\">\n\t\t\t\t\t\t\t\t<div class=\"elementor-element elementor-element-1d3be85 elementor-invisible elementor-widget elementor-widget-image\" data-id=\"1d3be85\" data-element_type=\"widget\" data-settings=\"{&quot;_animation&quot;:&quot;bounce&quot;}\" data-widget_type=\"image.default\">\n\t\t\t\t<div class=\"elementor-widget-container\">\n\t\t\t\t\t\t\t\t\t\t\t\t\t\t\t\t<a href=\"https:\/\/www.mfr-pre-en-pail.fr\/\">\n\t\t\t\t\t\t\t<img loading=\"lazy\" decoding=\"async\" width=\"696\" height=\"544\" src=\"https:\/\/www.mfr53.org\/web\/wp-content\/uploads\/2024\/01\/MFR-La-chauviniere-Pre-en-Pail-MFR-53-2.jpg\" class=\"elementor-animation-grow attachment-large size-large wp-image-3206\" alt=\"MFR-La-chauvini\u00e8re-Pr\u00e9-en-Pail-MFR-53-MFR-53-les-m\u00e9tiers-de-la-fleuristerie\" srcset=\"https:\/\/www.mfr53.org\/web\/wp-content\/uploads\/2024\/01\/MFR-La-chauviniere-Pre-en-Pail-MFR-53-2.jpg 877w, https:\/\/www.mfr53.org\/web\/wp-content\/uploads\/2024\/01\/MFR-La-chauviniere-Pre-en-Pail-MFR-53-2-300x235.jpg 300w, https:\/\/www.mfr53.org\/web\/wp-content\/uploads\/2024\/01\/MFR-La-chauviniere-Pre-en-Pail-MFR-53-2-768x601.jpg 768w\" sizes=\"(max-width: 696px) 100vw, 696px\" \/>\t\t\t\t\t\t\t\t<\/a>\n\t\t\t\t\t\t\t\t\t\t\t\t\t\t\t<\/div>\n\t\t\t\t<\/div>\n\t\t\t\t\t<\/div>\n\t\t<\/div>\n\t\t\t\t\t\t\t<\/div>\n\t\t<\/section>\n\t\t\t\t<section class=\"elementor-section elementor-top-section elementor-element elementor-element-c2331e7 elementor-section-boxed elementor-section-height-default elementor-section-height-default\" data-id=\"c2331e7\" data-element_type=\"section\">\n\t\t\t\t\t\t<div class=\"elementor-container elementor-column-gap-default\">\n\t\t\t\t\t<div class=\"elementor-column elementor-col-100 elementor-top-column elementor-element elementor-element-2fea07a\" data-id=\"2fea07a\" data-element_type=\"column\">\n\t\t\t<div class=\"elementor-widget-wrap elementor-element-populated\">\n\t\t\t\t\t\t\t\t<div class=\"elementor-element elementor-element-e2e92fc elementor-invisible elementor-widget elementor-widget-text-editor\" data-id=\"e2e92fc\" data-element_type=\"widget\" data-settings=\"{&quot;_animation&quot;:&quot;bounce&quot;}\" data-widget_type=\"text-editor.default\">\n\t\t\t\t<div class=\"elementor-widget-container\">\n\t\t\t\t\t\t\t<h4 style=\"text-align: center;\"><span style=\"color: #ffffff;\"><a style=\"color: #ffffff;\" href=\"https:\/\/www.mfr-pre-en-pail.fr\/\">MFR &#8220;La Chauvini\u00e8re&#8221; Pr\u00e9-en-Pail<\/a><\/span><\/h4>\t\t\t\t\t\t<\/div>\n\t\t\t\t<\/div>\n\t\t\t\t\t<\/div>\n\t\t<\/div>\n\t\t\t\t\t\t\t<\/div>\n\t\t<\/section>\n\t\t\t\t<section class=\"elementor-section elementor-top-section elementor-element elementor-element-c3d074d elementor-section-boxed elementor-section-height-default elementor-section-height-default\" data-id=\"c3d074d\" data-element_type=\"section\">\n\t\t\t\t\t\t<div class=\"elementor-container elementor-column-gap-default\">\n\t\t\t\t\t<div class=\"elementor-column elementor-col-100 elementor-top-column elementor-element elementor-element-368744e\" data-id=\"368744e\" data-element_type=\"column\">\n\t\t\t<div class=\"elementor-widget-wrap elementor-element-populated\">\n\t\t\t\t\t\t\t\t<div class=\"elementor-element elementor-element-9b8020d elementor-invisible elementor-widget elementor-widget-text-editor\" data-id=\"9b8020d\" data-element_type=\"widget\" data-settings=\"{&quot;_animation&quot;:&quot;bounce&quot;}\" data-widget_type=\"text-editor.default\">\n\t\t\t\t<div class=\"elementor-widget-container\">\n\t\t\t\t\t\t\t<p style=\"text-align: center;\"><span style=\"color: #ffffff;\">CAP &#8211; Fleuriste<\/span><br \/><span style=\"color: #ffffff;\">BP &#8211; Fleuriste<\/span><\/p>\t\t\t\t\t\t<\/div>\n\t\t\t\t<\/div>\n\t\t\t\t\t<\/div>\n\t\t<\/div>\n\t\t\t\t\t\t\t<\/div>\n\t\t<\/section>\n\t\t\t\t\t\t\t<\/div>\n\t\t","protected":false},"excerpt":{"rendered":"<p>LES M\u00c9TIERS DE LA\u00a0FLEURISTERIE LA QUALIT\u00c9RELATIONNELLE\u00a0 V\u00e9ritable vivier d\u2019emplois, le commerce, la vente, la distribution offrent aux jeunes de nombreux d\u00e9bouch\u00e9s \u00e0 condition de s\u2019investir, d\u2019\u00eatre motiv\u00e9, passionn\u00e9 par ce secteur d\u2019activit\u00e9 qui \u00e9volue en permanence avec la vente aux particuliers, aux entreprises ou de commerce en ligne. FORMATIONS PROPOS\u00c9ES MFR &#8220;La Chauvini\u00e8re&#8221; Pr\u00e9-en-Pail CAP<\/p>\n<p><a href=\"https:\/\/www.mfr53.org\/web\/fleuristerie-2\/\" class=\"more-link\">Lire la suite<\/a><\/p>\n","protected":false},"author":3,"featured_media":0,"parent":0,"menu_order":0,"comment_status":"closed","ping_status":"closed","template":"elementor_header_footer","meta":{"footnotes":""},"_links":{"self":[{"href":"https:\/\/www.mfr53.org\/web\/wp-json\/wp\/v2\/pages\/2349"}],"collection":[{"href":"https:\/\/www.mfr53.org\/web\/wp-json\/wp\/v2\/pages"}],"about":[{"href":"https:\/\/www.mfr53.org\/web\/wp-json\/wp\/v2\/types\/page"}],"author":[{"embeddable":true,"href":"https:\/\/www.mfr53.org\/web\/wp-json\/wp\/v2\/users\/3"}],"replies":[{"embeddable":true,"href":"https:\/\/www.mfr53.org\/web\/wp-json\/wp\/v2\/comments?post=2349"}],"version-history":[{"count":55,"href":"https:\/\/www.mfr53.org\/web\/wp-json\/wp\/v2\/pages\/2349\/revisions"}],"predecessor-version":[{"id":3767,"href":"https:\/\/www.mfr53.org\/web\/wp-json\/wp\/v2\/pages\/2349\/revisions\/3767"}],"wp:attachment":[{"href":"https:\/\/www.mfr53.org\/web\/wp-json\/wp\/v2\/media?parent=2349"}],"curies":[{"name":"wp","href":"https:\/\/api.w.org\/{rel}","templated":true}]}}