{"id":2276,"date":"2023-11-29T13:19:55","date_gmt":"2023-11-29T12:19:55","guid":{"rendered":"https:\/\/www.mfr53.org\/web\/?page_id=2276"},"modified":"2024-07-16T16:07:05","modified_gmt":"2024-07-16T14:07:05","slug":"comptabilite-gestion-administrative-ressources-humaines","status":"publish","type":"page","link":"https:\/\/www.mfr53.org\/web\/comptabilite-gestion-administrative-ressources-humaines\/","title":{"rendered":"Compta, gestion, RH &#8211; 2"},"content":{"rendered":"\t\t<div data-elementor-type=\"wp-page\" data-elementor-id=\"2276\" class=\"elementor elementor-2276\">\n\t\t\t\t\t\t\t\t\t<section class=\"elementor-section elementor-top-section elementor-element elementor-element-540ad82 elementor-section-full_width elementor-section-height-default elementor-section-height-default\" data-id=\"540ad82\" data-element_type=\"section\" data-settings=\"{&quot;background_background&quot;:&quot;classic&quot;}\">\n\t\t\t\t\t\t<div class=\"elementor-container elementor-column-gap-no\">\n\t\t\t\t\t<div class=\"elementor-column elementor-col-100 elementor-top-column elementor-element elementor-element-265126d\" data-id=\"265126d\" data-element_type=\"column\">\n\t\t\t<div class=\"elementor-widget-wrap elementor-element-populated\">\n\t\t\t\t\t\t\t\t<div class=\"elementor-element elementor-element-35ceb1c elementor-widget__width-initial elementor-widget elementor-widget-image\" data-id=\"35ceb1c\" data-element_type=\"widget\" data-widget_type=\"image.default\">\n\t\t\t\t<div class=\"elementor-widget-container\">\n\t\t\t\t\t\t\t\t\t\t\t\t\t\t\t<img loading=\"lazy\" decoding=\"async\" width=\"1920\" height=\"820\" src=\"https:\/\/www.mfr53.org\/web\/wp-content\/uploads\/2024\/01\/MFR-53-metiers-de-la-comptabilite-de-la-gestion-administrative-et-des-ressources-humaines.jpg\" class=\"attachment-full size-full wp-image-3189\" alt=\"MFR-53-m\u00e9tiers-de-la-comptabilit\u00e9,-de-la-gestion-administrative-et-des-ressources-humaines\" srcset=\"https:\/\/www.mfr53.org\/web\/wp-content\/uploads\/2024\/01\/MFR-53-metiers-de-la-comptabilite-de-la-gestion-administrative-et-des-ressources-humaines.jpg 1920w, https:\/\/www.mfr53.org\/web\/wp-content\/uploads\/2024\/01\/MFR-53-metiers-de-la-comptabilite-de-la-gestion-administrative-et-des-ressources-humaines-300x128.jpg 300w, https:\/\/www.mfr53.org\/web\/wp-content\/uploads\/2024\/01\/MFR-53-metiers-de-la-comptabilite-de-la-gestion-administrative-et-des-ressources-humaines-1024x437.jpg 1024w, https:\/\/www.mfr53.org\/web\/wp-content\/uploads\/2024\/01\/MFR-53-metiers-de-la-comptabilite-de-la-gestion-administrative-et-des-ressources-humaines-768x328.jpg 768w, https:\/\/www.mfr53.org\/web\/wp-content\/uploads\/2024\/01\/MFR-53-metiers-de-la-comptabilite-de-la-gestion-administrative-et-des-ressources-humaines-1536x656.jpg 1536w\" sizes=\"(max-width: 1920px) 100vw, 1920px\" \/>\t\t\t\t\t\t\t\t\t\t\t\t\t\t\t<\/div>\n\t\t\t\t<\/div>\n\t\t\t\t\t<\/div>\n\t\t<\/div>\n\t\t\t\t\t\t\t<\/div>\n\t\t<\/section>\n\t\t\t\t<section class=\"elementor-section elementor-top-section elementor-element elementor-element-e5e7277 elementor-section-boxed elementor-section-height-default elementor-section-height-default\" data-id=\"e5e7277\" data-element_type=\"section\">\n\t\t\t\t\t\t<div class=\"elementor-container elementor-column-gap-default\">\n\t\t\t\t\t<div class=\"elementor-column elementor-col-100 elementor-top-column elementor-element elementor-element-5c57735\" data-id=\"5c57735\" data-element_type=\"column\">\n\t\t\t<div class=\"elementor-widget-wrap elementor-element-populated\">\n\t\t\t\t\t\t\t\t<div class=\"elementor-element elementor-element-7b77b8f elementor-widget elementor-widget-text-editor\" data-id=\"7b77b8f\" data-element_type=\"widget\" data-widget_type=\"text-editor.default\">\n\t\t\t\t<div class=\"elementor-widget-container\">\n\t\t\t\t\t\t\t<h2 style=\"text-align: center;\"><span style=\"white-space-collapse: preserve; color: #ffffff;\">LES M\u00c9TIERS DE LA <span style=\"color: #ceab5d;\">COMPTABILIT\u00c9<\/span>, DE LA <span style=\"color: #ceab5d;\">GESTION ADMINISTRATIVE<\/span> <\/span><span style=\"white-space-collapse: preserve; color: #ffffff;\">ET DES <span style=\"color: #ceab5d;\">RESSOURCES HUMAINES<\/span><\/span><\/h2>\t\t\t\t\t\t<\/div>\n\t\t\t\t<\/div>\n\t\t\t\t\t<\/div>\n\t\t<\/div>\n\t\t\t\t\t\t\t<\/div>\n\t\t<\/section>\n\t\t\t\t<section class=\"elementor-section elementor-top-section elementor-element elementor-element-0d0396d elementor-section-boxed elementor-section-height-default elementor-section-height-default\" data-id=\"0d0396d\" data-element_type=\"section\">\n\t\t\t\t\t\t<div class=\"elementor-container elementor-column-gap-no\">\n\t\t\t\t\t<div class=\"elementor-column elementor-col-100 elementor-top-column elementor-element elementor-element-66a39c9\" data-id=\"66a39c9\" data-element_type=\"column\">\n\t\t\t<div class=\"elementor-widget-wrap elementor-element-populated\">\n\t\t\t\t\t\t\t\t<div class=\"elementor-element elementor-element-08d6826 elementor-widget elementor-widget-image\" data-id=\"08d6826\" data-element_type=\"widget\" data-widget_type=\"image.default\">\n\t\t\t\t<div class=\"elementor-widget-container\">\n\t\t\t\t\t\t\t\t\t\t\t\t\t\t\t<img loading=\"lazy\" decoding=\"async\" width=\"1920\" height=\"392\" src=\"https:\/\/www.mfr53.org\/web\/wp-content\/uploads\/2024\/01\/Carre-arrondi-5.jpg\" class=\"attachment-full size-full wp-image-3190\" alt=\"MFR-53-m\u00e9tiers-dela-comptabilit\u00e9-de-lagestion-administrative-des-ressources-humaines\" srcset=\"https:\/\/www.mfr53.org\/web\/wp-content\/uploads\/2024\/01\/Carre-arrondi-5.jpg 1920w, https:\/\/www.mfr53.org\/web\/wp-content\/uploads\/2024\/01\/Carre-arrondi-5-300x61.jpg 300w, https:\/\/www.mfr53.org\/web\/wp-content\/uploads\/2024\/01\/Carre-arrondi-5-1024x209.jpg 1024w, https:\/\/www.mfr53.org\/web\/wp-content\/uploads\/2024\/01\/Carre-arrondi-5-768x157.jpg 768w, https:\/\/www.mfr53.org\/web\/wp-content\/uploads\/2024\/01\/Carre-arrondi-5-1536x314.jpg 1536w\" sizes=\"(max-width: 1920px) 100vw, 1920px\" \/>\t\t\t\t\t\t\t\t\t\t\t\t\t\t\t<\/div>\n\t\t\t\t<\/div>\n\t\t\t\t\t<\/div>\n\t\t<\/div>\n\t\t\t\t\t\t\t<\/div>\n\t\t<\/section>\n\t\t\t\t<section class=\"elementor-section elementor-top-section elementor-element elementor-element-1273485 elementor-section-boxed elementor-section-height-default elementor-section-height-default\" data-id=\"1273485\" data-element_type=\"section\">\n\t\t\t\t\t\t<div class=\"elementor-container elementor-column-gap-default\">\n\t\t\t\t\t<div class=\"elementor-column elementor-col-100 elementor-top-column elementor-element elementor-element-0480512\" data-id=\"0480512\" data-element_type=\"column\">\n\t\t\t<div class=\"elementor-widget-wrap elementor-element-populated\">\n\t\t\t\t\t\t\t\t<div class=\"elementor-element elementor-element-349d778 elementor-widget elementor-widget-text-editor\" data-id=\"349d778\" data-element_type=\"widget\" data-widget_type=\"text-editor.default\">\n\t\t\t\t<div class=\"elementor-widget-container\">\n\t\t\t\t\t\t\t<h1><span style=\"color: #ffffff;\">LES M\u00c9TIERS DE LA<\/span> COMPTABILIT\u00c9, <span style=\"color: #ffffff;\">DE LA<\/span> GESTION ADMINISTRATIVE <span style=\"color: #ffffff;\">ET DES<\/span> RESSOURCES HUMAINES<\/h1><p><span style=\"color: #ffffff;\">Le bac professionnel Gestion\/Administration a pour objectif de former des gestionnaires administratifs appel\u00e9s \u00e0 travailler au sein d\u2019entreprises de petite et moyenne taille, de collectivit\u00e9s territoriales, d\u2019administrations ou encore d\u2019associations. Cette formation correspond tout \u00e0 fait aux besoins des entreprises du sud Mayenne qui est une r\u00e9gion dynamique en terme \u00e9conomique gr\u00e2ce au nombre cons\u00e9quent de TPE \/ PME.<\/span><\/p>\t\t\t\t\t\t<\/div>\n\t\t\t\t<\/div>\n\t\t\t\t\t<\/div>\n\t\t<\/div>\n\t\t\t\t\t\t\t<\/div>\n\t\t<\/section>\n\t\t\t\t<section class=\"elementor-section elementor-top-section elementor-element elementor-element-44631a5 elementor-section-boxed elementor-section-height-default elementor-section-height-default\" data-id=\"44631a5\" data-element_type=\"section\">\n\t\t\t\t\t\t\t<div class=\"elementor-background-overlay\"><\/div>\n\t\t\t\t\t\t\t<div class=\"elementor-container elementor-column-gap-default\">\n\t\t\t\t\t<div class=\"elementor-column elementor-col-100 elementor-top-column elementor-element elementor-element-d17445d\" data-id=\"d17445d\" data-element_type=\"column\">\n\t\t\t<div class=\"elementor-widget-wrap elementor-element-populated\">\n\t\t\t\t\t\t\t\t<div class=\"elementor-element elementor-element-5af2014 elementor-widget elementor-widget-heading\" data-id=\"5af2014\" data-element_type=\"widget\" data-widget_type=\"heading.default\">\n\t\t\t\t<div class=\"elementor-widget-container\">\n\t\t\t<h2 class=\"elementor-heading-title elementor-size-default\">FORMATIONS PROPOS\u00c9ES<\/h2>\t\t<\/div>\n\t\t\t\t<\/div>\n\t\t\t\t\t<\/div>\n\t\t<\/div>\n\t\t\t\t\t\t\t<\/div>\n\t\t<\/section>\n\t\t\t\t<section class=\"elementor-section elementor-top-section elementor-element elementor-element-662760d elementor-section-boxed elementor-section-height-default elementor-section-height-default\" data-id=\"662760d\" data-element_type=\"section\">\n\t\t\t\t\t\t\t<div class=\"elementor-background-overlay\"><\/div>\n\t\t\t\t\t\t\t<div class=\"elementor-container elementor-column-gap-default\">\n\t\t\t\t\t<div class=\"elementor-column elementor-col-100 elementor-top-column elementor-element elementor-element-6e78067\" data-id=\"6e78067\" data-element_type=\"column\">\n\t\t\t<div class=\"elementor-widget-wrap elementor-element-populated\">\n\t\t\t\t\t\t\t\t<div class=\"elementor-element elementor-element-1d3be85 elementor-invisible elementor-widget elementor-widget-image\" data-id=\"1d3be85\" data-element_type=\"widget\" data-settings=\"{&quot;_animation&quot;:&quot;bounce&quot;}\" data-widget_type=\"image.default\">\n\t\t\t\t<div class=\"elementor-widget-container\">\n\t\t\t\t\t\t\t\t\t\t\t\t\t\t\t\t<a href=\"https:\/\/mfr-craon-oudon.org\/\">\n\t\t\t\t\t\t\t<img loading=\"lazy\" decoding=\"async\" width=\"696\" height=\"559\" src=\"https:\/\/www.mfr53.org\/web\/wp-content\/uploads\/2024\/01\/MFR-Craon-Oudon-MFR-53-1.jpg\" class=\"elementor-animation-grow attachment-large size-large wp-image-3191\" alt=\"MFR-Craon-Oudon-MFR-53-MFR-53-m\u00e9tiers-dela-comptabilit\u00e9-de-lagestion-administrative-des-ressources-humaines\" srcset=\"https:\/\/www.mfr53.org\/web\/wp-content\/uploads\/2024\/01\/MFR-Craon-Oudon-MFR-53-1.jpg 865w, https:\/\/www.mfr53.org\/web\/wp-content\/uploads\/2024\/01\/MFR-Craon-Oudon-MFR-53-1-300x241.jpg 300w, https:\/\/www.mfr53.org\/web\/wp-content\/uploads\/2024\/01\/MFR-Craon-Oudon-MFR-53-1-768x617.jpg 768w\" sizes=\"(max-width: 696px) 100vw, 696px\" \/>\t\t\t\t\t\t\t\t<\/a>\n\t\t\t\t\t\t\t\t\t\t\t\t\t\t\t<\/div>\n\t\t\t\t<\/div>\n\t\t\t\t\t<\/div>\n\t\t<\/div>\n\t\t\t\t\t\t\t<\/div>\n\t\t<\/section>\n\t\t\t\t<section class=\"elementor-section elementor-top-section elementor-element elementor-element-c2331e7 elementor-section-boxed elementor-section-height-default elementor-section-height-default\" data-id=\"c2331e7\" data-element_type=\"section\">\n\t\t\t\t\t\t<div class=\"elementor-container elementor-column-gap-default\">\n\t\t\t\t\t<div class=\"elementor-column elementor-col-100 elementor-top-column elementor-element elementor-element-2fea07a\" data-id=\"2fea07a\" data-element_type=\"column\">\n\t\t\t<div class=\"elementor-widget-wrap elementor-element-populated\">\n\t\t\t\t\t\t\t\t<div class=\"elementor-element elementor-element-e2e92fc elementor-invisible elementor-widget elementor-widget-text-editor\" data-id=\"e2e92fc\" data-element_type=\"widget\" data-settings=\"{&quot;_animation&quot;:&quot;bounce&quot;}\" data-widget_type=\"text-editor.default\">\n\t\t\t\t<div class=\"elementor-widget-container\">\n\t\t\t\t\t\t\t<h4 style=\"text-align: center;\"><span style=\"color: #ffffff;\"><a style=\"color: #ffffff;\" href=\"http:\/\/www.mfr-craon-oudon.fr\/\">MFR Craon Oudon<\/a><\/span><\/h4>\t\t\t\t\t\t<\/div>\n\t\t\t\t<\/div>\n\t\t\t\t\t<\/div>\n\t\t<\/div>\n\t\t\t\t\t\t\t<\/div>\n\t\t<\/section>\n\t\t\t\t<section class=\"elementor-section elementor-top-section elementor-element elementor-element-c3d074d elementor-section-boxed elementor-section-height-default elementor-section-height-default\" data-id=\"c3d074d\" data-element_type=\"section\">\n\t\t\t\t\t\t<div class=\"elementor-container elementor-column-gap-default\">\n\t\t\t\t\t<div class=\"elementor-column elementor-col-100 elementor-top-column elementor-element elementor-element-368744e\" data-id=\"368744e\" data-element_type=\"column\">\n\t\t\t<div class=\"elementor-widget-wrap elementor-element-populated\">\n\t\t\t\t\t\t\t\t<div class=\"elementor-element elementor-element-9b8020d elementor-invisible elementor-widget elementor-widget-text-editor\" data-id=\"9b8020d\" data-element_type=\"widget\" data-settings=\"{&quot;_animation&quot;:&quot;bounce&quot;}\" data-widget_type=\"text-editor.default\">\n\t\t\t\t<div class=\"elementor-widget-container\">\n\t\t\t\t\t\t\t<p style=\"text-align: center;\"><span style=\"color: #ffffff;\">Bac Pro \u2013 AGOrA <\/span><span style=\"color: #ffffff; font-family: var( --e-global-typography-text-font-family ), Sans-serif; font-size: 0.9375rem; font-weight: var( --e-global-typography-text-font-weight );\">(Assistance \u00e0 la Gestion des Organisations et de leurs Activit\u00e9s)<\/span><\/p><p style=\"text-align: center;\"><span style=\"color: #ffffff; font-family: var( --e-global-typography-text-font-family ), Sans-serif; font-weight: var( --e-global-typography-text-font-weight ); font-size: 0.9375rem;\">TITRE \u2013 Secr\u00e9taire Assistant<\/span><\/p><p style=\"text-align: center;\"><span style=\"color: #ffffff; font-family: var( --e-global-typography-text-font-family ), Sans-serif; font-weight: var( --e-global-typography-text-font-weight ); font-size: 0.9375rem;\">TITRE &#8211; Secr\u00e9taire Comptable<\/span><\/p>\t\t\t\t\t\t<\/div>\n\t\t\t\t<\/div>\n\t\t\t\t\t<\/div>\n\t\t<\/div>\n\t\t\t\t\t\t\t<\/div>\n\t\t<\/section>\n\t\t\t\t\t\t\t<\/div>\n\t\t","protected":false},"excerpt":{"rendered":"<p>LES M\u00c9TIERS DE LA COMPTABILIT\u00c9, DE LA GESTION ADMINISTRATIVE ET DES RESSOURCES HUMAINES LES M\u00c9TIERS DE LA COMPTABILIT\u00c9, DE LA GESTION ADMINISTRATIVE ET DES RESSOURCES HUMAINES Le bac professionnel Gestion\/Administration a pour objectif de former des gestionnaires administratifs appel\u00e9s \u00e0 travailler au sein d\u2019entreprises de petite et moyenne taille, de collectivit\u00e9s territoriales, d\u2019administrations ou encore<\/p>\n<p><a href=\"https:\/\/www.mfr53.org\/web\/comptabilite-gestion-administrative-ressources-humaines\/\" class=\"more-link\">Lire la suite<\/a><\/p>\n","protected":false},"author":3,"featured_media":0,"parent":0,"menu_order":0,"comment_status":"closed","ping_status":"closed","template":"elementor_header_footer","meta":{"footnotes":""},"_links":{"self":[{"href":"https:\/\/www.mfr53.org\/web\/wp-json\/wp\/v2\/pages\/2276"}],"collection":[{"href":"https:\/\/www.mfr53.org\/web\/wp-json\/wp\/v2\/pages"}],"about":[{"href":"https:\/\/www.mfr53.org\/web\/wp-json\/wp\/v2\/types\/page"}],"author":[{"embeddable":true,"href":"https:\/\/www.mfr53.org\/web\/wp-json\/wp\/v2\/users\/3"}],"replies":[{"embeddable":true,"href":"https:\/\/www.mfr53.org\/web\/wp-json\/wp\/v2\/comments?post=2276"}],"version-history":[{"count":50,"href":"https:\/\/www.mfr53.org\/web\/wp-json\/wp\/v2\/pages\/2276\/revisions"}],"predecessor-version":[{"id":3836,"href":"https:\/\/www.mfr53.org\/web\/wp-json\/wp\/v2\/pages\/2276\/revisions\/3836"}],"wp:attachment":[{"href":"https:\/\/www.mfr53.org\/web\/wp-json\/wp\/v2\/media?parent=2276"}],"curies":[{"name":"wp","href":"https:\/\/api.w.org\/{rel}","templated":true}]}}