{"id":2247,"date":"2023-11-29T13:06:48","date_gmt":"2023-11-29T12:06:48","guid":{"rendered":"https:\/\/www.mfr53.org\/web\/?page_id=2247"},"modified":"2024-01-26T16:52:20","modified_gmt":"2024-01-26T15:52:20","slug":"cheval-2","status":"publish","type":"page","link":"https:\/\/www.mfr53.org\/web\/cheval-2\/","title":{"rendered":"CHEVAL- 2"},"content":{"rendered":"\t\t<div data-elementor-type=\"wp-page\" data-elementor-id=\"2247\" class=\"elementor elementor-2247\">\n\t\t\t\t\t\t\t\t\t<section class=\"elementor-section elementor-top-section elementor-element elementor-element-540ad82 elementor-section-full_width elementor-section-height-default elementor-section-height-default\" data-id=\"540ad82\" data-element_type=\"section\" data-settings=\"{&quot;background_background&quot;:&quot;classic&quot;}\">\n\t\t\t\t\t\t<div class=\"elementor-container elementor-column-gap-no\">\n\t\t\t\t\t<div class=\"elementor-column elementor-col-100 elementor-top-column elementor-element elementor-element-265126d\" data-id=\"265126d\" data-element_type=\"column\">\n\t\t\t<div class=\"elementor-widget-wrap elementor-element-populated\">\n\t\t\t\t\t\t\t\t<div class=\"elementor-element elementor-element-35ceb1c elementor-widget__width-initial elementor-widget elementor-widget-image\" data-id=\"35ceb1c\" data-element_type=\"widget\" data-widget_type=\"image.default\">\n\t\t\t\t<div class=\"elementor-widget-container\">\n\t\t\t\t\t\t\t\t\t\t\t\t\t\t\t<img loading=\"lazy\" decoding=\"async\" width=\"1920\" height=\"821\" src=\"https:\/\/www.mfr53.org\/web\/wp-content\/uploads\/2023\/12\/MFR-53-Metiers-du-cheval.png\" class=\"attachment-full size-full wp-image-2913\" alt=\"\" srcset=\"https:\/\/www.mfr53.org\/web\/wp-content\/uploads\/2023\/12\/MFR-53-Metiers-du-cheval.png 1920w, https:\/\/www.mfr53.org\/web\/wp-content\/uploads\/2023\/12\/MFR-53-Metiers-du-cheval-300x128.png 300w, https:\/\/www.mfr53.org\/web\/wp-content\/uploads\/2023\/12\/MFR-53-Metiers-du-cheval-1024x438.png 1024w, https:\/\/www.mfr53.org\/web\/wp-content\/uploads\/2023\/12\/MFR-53-Metiers-du-cheval-768x328.png 768w, https:\/\/www.mfr53.org\/web\/wp-content\/uploads\/2023\/12\/MFR-53-Metiers-du-cheval-1536x657.png 1536w\" sizes=\"(max-width: 1920px) 100vw, 1920px\" \/>\t\t\t\t\t\t\t\t\t\t\t\t\t\t\t<\/div>\n\t\t\t\t<\/div>\n\t\t\t\t\t<\/div>\n\t\t<\/div>\n\t\t\t\t\t\t\t<\/div>\n\t\t<\/section>\n\t\t\t\t<section class=\"elementor-section elementor-top-section elementor-element elementor-element-e5e7277 elementor-section-boxed elementor-section-height-default elementor-section-height-default\" data-id=\"e5e7277\" data-element_type=\"section\">\n\t\t\t\t\t\t<div class=\"elementor-container elementor-column-gap-default\">\n\t\t\t\t\t<div class=\"elementor-column elementor-col-100 elementor-top-column elementor-element elementor-element-5c57735\" data-id=\"5c57735\" data-element_type=\"column\">\n\t\t\t<div class=\"elementor-widget-wrap elementor-element-populated\">\n\t\t\t\t\t\t\t\t<div class=\"elementor-element elementor-element-7b77b8f elementor-widget elementor-widget-text-editor\" data-id=\"7b77b8f\" data-element_type=\"widget\" data-widget_type=\"text-editor.default\">\n\t\t\t\t<div class=\"elementor-widget-container\">\n\t\t\t\t\t\t\t<h2 style=\"text-align: center;\"><span style=\"color: #ffffff;\">LES M\u00c9TIERS DU <span style=\"color: #ceab5d;\">CHEVAL<\/span><\/span><\/h2>\t\t\t\t\t\t<\/div>\n\t\t\t\t<\/div>\n\t\t\t\t\t<\/div>\n\t\t<\/div>\n\t\t\t\t\t\t\t<\/div>\n\t\t<\/section>\n\t\t\t\t<section class=\"elementor-section elementor-top-section elementor-element elementor-element-0d0396d elementor-section-boxed elementor-section-height-default elementor-section-height-default\" data-id=\"0d0396d\" data-element_type=\"section\">\n\t\t\t\t\t\t<div class=\"elementor-container elementor-column-gap-default\">\n\t\t\t\t\t<div class=\"elementor-column elementor-col-100 elementor-top-column elementor-element elementor-element-66a39c9\" data-id=\"66a39c9\" data-element_type=\"column\">\n\t\t\t<div class=\"elementor-widget-wrap elementor-element-populated\">\n\t\t\t\t\t\t\t\t<div class=\"elementor-element elementor-element-08d6826 elementor-widget elementor-widget-image\" data-id=\"08d6826\" data-element_type=\"widget\" data-widget_type=\"image.default\">\n\t\t\t\t<div class=\"elementor-widget-container\">\n\t\t\t\t\t\t\t\t\t\t\t\t\t\t\t<img loading=\"lazy\" decoding=\"async\" width=\"1920\" height=\"393\" src=\"https:\/\/www.mfr53.org\/web\/wp-content\/uploads\/2024\/01\/Carre-arrondi-2.jpg\" class=\"attachment-full size-full wp-image-3159\" alt=\"\" srcset=\"https:\/\/www.mfr53.org\/web\/wp-content\/uploads\/2024\/01\/Carre-arrondi-2.jpg 1920w, https:\/\/www.mfr53.org\/web\/wp-content\/uploads\/2024\/01\/Carre-arrondi-2-300x61.jpg 300w, https:\/\/www.mfr53.org\/web\/wp-content\/uploads\/2024\/01\/Carre-arrondi-2-1024x210.jpg 1024w, https:\/\/www.mfr53.org\/web\/wp-content\/uploads\/2024\/01\/Carre-arrondi-2-768x157.jpg 768w, https:\/\/www.mfr53.org\/web\/wp-content\/uploads\/2024\/01\/Carre-arrondi-2-1536x314.jpg 1536w\" sizes=\"(max-width: 1920px) 100vw, 1920px\" \/>\t\t\t\t\t\t\t\t\t\t\t\t\t\t\t<\/div>\n\t\t\t\t<\/div>\n\t\t\t\t\t<\/div>\n\t\t<\/div>\n\t\t\t\t\t\t\t<\/div>\n\t\t<\/section>\n\t\t\t\t<section class=\"elementor-section elementor-top-section elementor-element elementor-element-1273485 elementor-section-boxed elementor-section-height-default elementor-section-height-default\" data-id=\"1273485\" data-element_type=\"section\">\n\t\t\t\t\t\t<div class=\"elementor-container elementor-column-gap-no\">\n\t\t\t\t\t<div class=\"elementor-column elementor-col-100 elementor-top-column elementor-element elementor-element-0480512\" data-id=\"0480512\" data-element_type=\"column\">\n\t\t\t<div class=\"elementor-widget-wrap elementor-element-populated\">\n\t\t\t\t\t\t\t\t<div class=\"elementor-element elementor-element-349d778 elementor-widget elementor-widget-text-editor\" data-id=\"349d778\" data-element_type=\"widget\" data-widget_type=\"text-editor.default\">\n\t\t\t\t<div class=\"elementor-widget-container\">\n\t\t\t\t\t\t\t<h1><span style=\"color: #ffffff;\"><span style=\"color: #ffffff;\">LA <span style=\"color: #000000;\">PASSION <\/span>DU CHEVAL<\/span><\/span><\/h1><p><span style=\"color: #ffffff;\">Ces m\u00e9tiers passions, que ce soit le secteur de l\u2019\u00e9levage, des courses, de l\u2019\u00e9quitation ou du tourisme \u00e9questre. On ne fait pas cela pour l\u2019argent disent certains, qui consid\u00e8rent comme un privil\u00e8ge d\u2019\u00eatre pay\u00e9s pour pratiquer une activit\u00e9 qu\u2019ils animent. Ce secteur florissant et actif avec des entra\u00eeneurs install\u00e9s, des \u00e9leveurs, des centres \u00e9questres, des hippodromes qui organisent de nombreuses courses chaque ann\u00e9e. La fili\u00e8re cheval est une r\u00e9alit\u00e9 \u00e9conomique, sociale sportive et culturelle dans notre d\u00e9partement.<\/span><\/p>\t\t\t\t\t\t<\/div>\n\t\t\t\t<\/div>\n\t\t\t\t\t<\/div>\n\t\t<\/div>\n\t\t\t\t\t\t\t<\/div>\n\t\t<\/section>\n\t\t\t\t<section class=\"elementor-section elementor-top-section elementor-element elementor-element-44631a5 elementor-section-boxed elementor-section-height-default elementor-section-height-default\" data-id=\"44631a5\" data-element_type=\"section\">\n\t\t\t\t\t\t\t<div class=\"elementor-background-overlay\"><\/div>\n\t\t\t\t\t\t\t<div class=\"elementor-container elementor-column-gap-default\">\n\t\t\t\t\t<div class=\"elementor-column elementor-col-100 elementor-top-column elementor-element elementor-element-d17445d\" data-id=\"d17445d\" data-element_type=\"column\">\n\t\t\t<div class=\"elementor-widget-wrap elementor-element-populated\">\n\t\t\t\t\t\t\t\t<div class=\"elementor-element elementor-element-5af2014 elementor-widget elementor-widget-heading\" data-id=\"5af2014\" data-element_type=\"widget\" data-widget_type=\"heading.default\">\n\t\t\t\t<div class=\"elementor-widget-container\">\n\t\t\t<h2 class=\"elementor-heading-title elementor-size-default\">FORMATIONS PROPOS\u00c9ES<\/h2>\t\t<\/div>\n\t\t\t\t<\/div>\n\t\t\t\t\t<\/div>\n\t\t<\/div>\n\t\t\t\t\t\t\t<\/div>\n\t\t<\/section>\n\t\t\t\t<section class=\"elementor-section elementor-top-section elementor-element elementor-element-662760d elementor-section-boxed elementor-section-height-default elementor-section-height-default\" data-id=\"662760d\" data-element_type=\"section\">\n\t\t\t\t\t\t\t<div class=\"elementor-background-overlay\"><\/div>\n\t\t\t\t\t\t\t<div class=\"elementor-container elementor-column-gap-default\">\n\t\t\t\t\t<div class=\"elementor-column elementor-col-100 elementor-top-column elementor-element elementor-element-6e78067\" data-id=\"6e78067\" data-element_type=\"column\">\n\t\t\t<div class=\"elementor-widget-wrap elementor-element-populated\">\n\t\t\t\t\t\t\t\t<div class=\"elementor-element elementor-element-1d3be85 elementor-invisible elementor-widget elementor-widget-image\" data-id=\"1d3be85\" data-element_type=\"widget\" data-settings=\"{&quot;_animation&quot;:&quot;bounce&quot;}\" data-widget_type=\"image.default\">\n\t\t\t\t<div class=\"elementor-widget-container\">\n\t\t\t\t\t\t\t\t\t\t\t\t\t\t\t\t<a href=\"https:\/\/mfrhippodrome-craon.com\/\">\n\t\t\t\t\t\t\t<img loading=\"lazy\" decoding=\"async\" width=\"696\" height=\"549\" src=\"https:\/\/www.mfr53.org\/web\/wp-content\/uploads\/2024\/01\/MFR-Hippodrome-Craon-MFR-53.jpg\" class=\"elementor-animation-grow attachment-large size-large wp-image-3160\" alt=\"MFR-Hippodrome-Craon-MFR-53-m\u00e9tiers-du-cheval\" srcset=\"https:\/\/www.mfr53.org\/web\/wp-content\/uploads\/2024\/01\/MFR-Hippodrome-Craon-MFR-53.jpg 866w, https:\/\/www.mfr53.org\/web\/wp-content\/uploads\/2024\/01\/MFR-Hippodrome-Craon-MFR-53-300x237.jpg 300w, https:\/\/www.mfr53.org\/web\/wp-content\/uploads\/2024\/01\/MFR-Hippodrome-Craon-MFR-53-768x606.jpg 768w\" sizes=\"(max-width: 696px) 100vw, 696px\" \/>\t\t\t\t\t\t\t\t<\/a>\n\t\t\t\t\t\t\t\t\t\t\t\t\t\t\t<\/div>\n\t\t\t\t<\/div>\n\t\t\t\t\t<\/div>\n\t\t<\/div>\n\t\t\t\t\t\t\t<\/div>\n\t\t<\/section>\n\t\t\t\t<section class=\"elementor-section elementor-top-section elementor-element elementor-element-c2331e7 elementor-section-boxed elementor-section-height-default elementor-section-height-default\" data-id=\"c2331e7\" data-element_type=\"section\">\n\t\t\t\t\t\t<div class=\"elementor-container elementor-column-gap-default\">\n\t\t\t\t\t<div class=\"elementor-column elementor-col-100 elementor-top-column elementor-element elementor-element-2fea07a\" data-id=\"2fea07a\" data-element_type=\"column\">\n\t\t\t<div class=\"elementor-widget-wrap elementor-element-populated\">\n\t\t\t\t\t\t\t\t<div class=\"elementor-element elementor-element-e2e92fc elementor-invisible elementor-widget elementor-widget-text-editor\" data-id=\"e2e92fc\" data-element_type=\"widget\" data-settings=\"{&quot;_animation&quot;:&quot;bounce&quot;}\" data-widget_type=\"text-editor.default\">\n\t\t\t\t<div class=\"elementor-widget-container\">\n\t\t\t\t\t\t\t<h4 style=\"text-align: center;\"><span style=\"color: #ffffff;\"><a style=\"color: #ffffff;\" href=\"https:\/\/mfrhippodrome-craon.com\/\">MFR Craon Hippodrome<\/a><\/span><\/h4>\t\t\t\t\t\t<\/div>\n\t\t\t\t<\/div>\n\t\t\t\t\t<\/div>\n\t\t<\/div>\n\t\t\t\t\t\t\t<\/div>\n\t\t<\/section>\n\t\t\t\t<section class=\"elementor-section elementor-top-section elementor-element elementor-element-c3d074d elementor-section-boxed elementor-section-height-default elementor-section-height-default\" data-id=\"c3d074d\" data-element_type=\"section\">\n\t\t\t\t\t\t<div class=\"elementor-container elementor-column-gap-default\">\n\t\t\t\t\t<div class=\"elementor-column elementor-col-100 elementor-top-column elementor-element elementor-element-368744e\" data-id=\"368744e\" data-element_type=\"column\">\n\t\t\t<div class=\"elementor-widget-wrap elementor-element-populated\">\n\t\t\t\t\t\t\t\t<div class=\"elementor-element elementor-element-9b8020d elementor-invisible elementor-widget elementor-widget-text-editor\" data-id=\"9b8020d\" data-element_type=\"widget\" data-settings=\"{&quot;_animation&quot;:&quot;bounce&quot;}\" data-widget_type=\"text-editor.default\">\n\t\t\t\t<div class=\"elementor-widget-container\">\n\t\t\t\t\t\t\t<p style=\"text-align: center;\"><span style=\"color: #ffffff;\">Bac Pro &#8211; Conduite et Gestion de l&#8217;Entreprise Agricole &#8211; Support \u00c9quin<\/span><\/p>\t\t\t\t\t\t<\/div>\n\t\t\t\t<\/div>\n\t\t\t\t\t<\/div>\n\t\t<\/div>\n\t\t\t\t\t\t\t<\/div>\n\t\t<\/section>\n\t\t\t\t\t\t\t<\/div>\n\t\t","protected":false},"excerpt":{"rendered":"<p>LES M\u00c9TIERS DU CHEVAL LA PASSION DU CHEVAL Ces m\u00e9tiers passions, que ce soit le secteur de l\u2019\u00e9levage, des courses, de l\u2019\u00e9quitation ou du tourisme \u00e9questre. On ne fait pas cela pour l\u2019argent disent certains, qui consid\u00e8rent comme un privil\u00e8ge d\u2019\u00eatre pay\u00e9s pour pratiquer une activit\u00e9 qu\u2019ils animent. Ce secteur florissant et actif avec des<\/p>\n<p><a href=\"https:\/\/www.mfr53.org\/web\/cheval-2\/\" class=\"more-link\">Lire la suite<\/a><\/p>\n","protected":false},"author":3,"featured_media":0,"parent":0,"menu_order":0,"comment_status":"closed","ping_status":"closed","template":"elementor_header_footer","meta":{"footnotes":""},"_links":{"self":[{"href":"https:\/\/www.mfr53.org\/web\/wp-json\/wp\/v2\/pages\/2247"}],"collection":[{"href":"https:\/\/www.mfr53.org\/web\/wp-json\/wp\/v2\/pages"}],"about":[{"href":"https:\/\/www.mfr53.org\/web\/wp-json\/wp\/v2\/types\/page"}],"author":[{"embeddable":true,"href":"https:\/\/www.mfr53.org\/web\/wp-json\/wp\/v2\/users\/3"}],"replies":[{"embeddable":true,"href":"https:\/\/www.mfr53.org\/web\/wp-json\/wp\/v2\/comments?post=2247"}],"version-history":[{"count":44,"href":"https:\/\/www.mfr53.org\/web\/wp-json\/wp\/v2\/pages\/2247\/revisions"}],"predecessor-version":[{"id":3557,"href":"https:\/\/www.mfr53.org\/web\/wp-json\/wp\/v2\/pages\/2247\/revisions\/3557"}],"wp:attachment":[{"href":"https:\/\/www.mfr53.org\/web\/wp-json\/wp\/v2\/media?parent=2247"}],"curies":[{"name":"wp","href":"https:\/\/api.w.org\/{rel}","templated":true}]}}