{"id":2180,"date":"2023-11-29T11:33:32","date_gmt":"2023-11-29T10:33:32","guid":{"rendered":"https:\/\/www.mfr53.org\/web\/?page_id=2180"},"modified":"2024-01-29T16:18:15","modified_gmt":"2024-01-29T15:18:15","slug":"4eme-3eme","status":"publish","type":"page","link":"https:\/\/www.mfr53.org\/web\/4eme-3eme\/","title":{"rendered":"4\u00e8me 3\u00e8me &#8211; 2"},"content":{"rendered":"\t\t<div data-elementor-type=\"wp-page\" data-elementor-id=\"2180\" class=\"elementor elementor-2180\">\n\t\t\t\t\t\t\t\t\t<section class=\"elementor-section elementor-top-section elementor-element elementor-element-540ad82 elementor-section-full_width elementor-section-height-default elementor-section-height-default\" data-id=\"540ad82\" data-element_type=\"section\" data-settings=\"{&quot;background_background&quot;:&quot;classic&quot;}\">\n\t\t\t\t\t\t<div class=\"elementor-container elementor-column-gap-default\">\n\t\t\t\t\t<div class=\"elementor-column elementor-col-100 elementor-top-column elementor-element elementor-element-265126d\" data-id=\"265126d\" data-element_type=\"column\">\n\t\t\t<div class=\"elementor-widget-wrap elementor-element-populated\">\n\t\t\t\t\t\t\t\t<div class=\"elementor-element elementor-element-35ceb1c elementor-widget__width-initial elementor-widget elementor-widget-image\" data-id=\"35ceb1c\" data-element_type=\"widget\" data-widget_type=\"image.default\">\n\t\t\t\t<div class=\"elementor-widget-container\">\n\t\t\t\t\t\t\t\t\t\t\t\t\t\t\t<img loading=\"lazy\" decoding=\"async\" width=\"1920\" height=\"821\" src=\"https:\/\/www.mfr53.org\/web\/wp-content\/uploads\/2024\/01\/MFR-53-classe-de-4eme-3eme-1.jpg\" class=\"attachment-full size-full wp-image-3104\" alt=\"MFR-53-classe-de-4\u00e8me-3\u00e8me\" srcset=\"https:\/\/www.mfr53.org\/web\/wp-content\/uploads\/2024\/01\/MFR-53-classe-de-4eme-3eme-1.jpg 1920w, https:\/\/www.mfr53.org\/web\/wp-content\/uploads\/2024\/01\/MFR-53-classe-de-4eme-3eme-1-300x128.jpg 300w, https:\/\/www.mfr53.org\/web\/wp-content\/uploads\/2024\/01\/MFR-53-classe-de-4eme-3eme-1-1024x438.jpg 1024w, https:\/\/www.mfr53.org\/web\/wp-content\/uploads\/2024\/01\/MFR-53-classe-de-4eme-3eme-1-768x328.jpg 768w, https:\/\/www.mfr53.org\/web\/wp-content\/uploads\/2024\/01\/MFR-53-classe-de-4eme-3eme-1-1536x657.jpg 1536w\" sizes=\"(max-width: 1920px) 100vw, 1920px\" \/>\t\t\t\t\t\t\t\t\t\t\t\t\t\t\t<\/div>\n\t\t\t\t<\/div>\n\t\t\t\t\t<\/div>\n\t\t<\/div>\n\t\t\t\t\t\t\t<\/div>\n\t\t<\/section>\n\t\t\t\t<section class=\"elementor-section elementor-top-section elementor-element elementor-element-e5e7277 elementor-section-boxed elementor-section-height-default elementor-section-height-default\" data-id=\"e5e7277\" data-element_type=\"section\">\n\t\t\t\t\t\t<div class=\"elementor-container elementor-column-gap-default\">\n\t\t\t\t\t<div class=\"elementor-column elementor-col-100 elementor-top-column elementor-element elementor-element-5c57735\" data-id=\"5c57735\" data-element_type=\"column\">\n\t\t\t<div class=\"elementor-widget-wrap elementor-element-populated\">\n\t\t\t\t\t\t\t\t<div class=\"elementor-element elementor-element-7b77b8f elementor-widget elementor-widget-text-editor\" data-id=\"7b77b8f\" data-element_type=\"widget\" data-widget_type=\"text-editor.default\">\n\t\t\t\t<div class=\"elementor-widget-container\">\n\t\t\t\t\t\t\t<h1 style=\"text-align: center;\"><span style=\"white-space-collapse: preserve; color: #ffffff;\">CLASSES DE <span style=\"color: #ceab5d;\">4\u00c8ME<\/span> et <span style=\"color: #ceab5d;\">3\u00c8ME<\/span> &#8211;<br \/>ORIENTATION PROFESSIONNELLE<\/span><\/h1>\t\t\t\t\t\t<\/div>\n\t\t\t\t<\/div>\n\t\t\t\t\t<\/div>\n\t\t<\/div>\n\t\t\t\t\t\t\t<\/div>\n\t\t<\/section>\n\t\t\t\t<section class=\"elementor-section elementor-top-section elementor-element elementor-element-0d0396d elementor-section-height-min-height elementor-section-boxed elementor-section-height-default elementor-section-items-middle\" data-id=\"0d0396d\" data-element_type=\"section\">\n\t\t\t\t\t\t<div class=\"elementor-container elementor-column-gap-no\">\n\t\t\t\t\t<div class=\"elementor-column elementor-col-100 elementor-top-column elementor-element elementor-element-66a39c9\" data-id=\"66a39c9\" data-element_type=\"column\">\n\t\t\t<div class=\"elementor-widget-wrap elementor-element-populated\">\n\t\t\t\t\t\t\t\t<div class=\"elementor-element elementor-element-08d6826 elementor-widget elementor-widget-image\" data-id=\"08d6826\" data-element_type=\"widget\" data-widget_type=\"image.default\">\n\t\t\t\t<div class=\"elementor-widget-container\">\n\t\t\t\t\t\t\t\t\t\t\t\t\t\t\t<img loading=\"lazy\" decoding=\"async\" width=\"696\" height=\"257\" src=\"https:\/\/www.mfr53.org\/web\/wp-content\/uploads\/2024\/01\/4eme-3eme-MFR53-1024x378.jpg\" class=\"attachment-large size-large wp-image-3105\" alt=\"4\u00e8me-3\u00e8me-MFR53\" srcset=\"https:\/\/www.mfr53.org\/web\/wp-content\/uploads\/2024\/01\/4eme-3eme-MFR53-1024x378.jpg 1024w, https:\/\/www.mfr53.org\/web\/wp-content\/uploads\/2024\/01\/4eme-3eme-MFR53-300x111.jpg 300w, https:\/\/www.mfr53.org\/web\/wp-content\/uploads\/2024\/01\/4eme-3eme-MFR53-768x283.jpg 768w, https:\/\/www.mfr53.org\/web\/wp-content\/uploads\/2024\/01\/4eme-3eme-MFR53-1536x566.jpg 1536w, https:\/\/www.mfr53.org\/web\/wp-content\/uploads\/2024\/01\/4eme-3eme-MFR53.jpg 1920w\" sizes=\"(max-width: 696px) 100vw, 696px\" \/>\t\t\t\t\t\t\t\t\t\t\t\t\t\t\t<\/div>\n\t\t\t\t<\/div>\n\t\t\t\t\t<\/div>\n\t\t<\/div>\n\t\t\t\t\t\t\t<\/div>\n\t\t<\/section>\n\t\t\t\t<section class=\"elementor-section elementor-top-section elementor-element elementor-element-1273485 elementor-reverse-tablet elementor-reverse-mobile elementor-section-boxed elementor-section-height-default elementor-section-height-default\" data-id=\"1273485\" data-element_type=\"section\">\n\t\t\t\t\t\t<div class=\"elementor-container elementor-column-gap-default\">\n\t\t\t\t\t<div class=\"elementor-column elementor-col-100 elementor-top-column elementor-element elementor-element-0480512\" data-id=\"0480512\" data-element_type=\"column\">\n\t\t\t<div class=\"elementor-widget-wrap elementor-element-populated\">\n\t\t\t\t\t\t\t\t<div class=\"elementor-element elementor-element-349d778 elementor-widget-mobile__width-initial elementor-widget elementor-widget-text-editor\" data-id=\"349d778\" data-element_type=\"widget\" data-widget_type=\"text-editor.default\">\n\t\t\t\t<div class=\"elementor-widget-container\">\n\t\t\t\t\t\t\t<h3 style=\"text-align: left;\"><span style=\"color: #ffffff;\">CHOISIR LES MFR, C\u2019EST FAIRE LE CHOIX DE <span style=\"color: #000000;\">L\u2019ALTERNANCE<\/span> D\u00c8S 14 ANS<\/span><\/h3><p><span style=\"color: #000000;\">Ces classes permettent au jeune :<\/span><\/p><p><span style=\"color: #ffffff;\">De faire de nombreux stages en milieu professionnel avec une alternance r\u00e9guli\u00e8re qui motive et dynamise (une semaine en MFR, une semaine en stage)<\/span><br \/><span style=\"color: #ffffff;\">De bien choisir son orientation gr\u00e2ce \u00e0 ses exp\u00e9riences professionnelles et \u00e0 l\u2019arriv\u00e9e dans son environnement d\u2019un nouvel acteur : le ma\u00eetre de stage<\/span><br \/><span style=\"color: #ffffff;\">De trouver un sens \u00e0 ses \u00e9tudes et donc une motivation<\/span><br \/><span style=\"color: #ffffff;\">De partager et grandir en vivant l\u2019internat \u00e0 la MFR<\/span><br \/><span style=\"color: #ffffff;\">De passer son DNB (Dipl\u00f4me National du Brevet), et d\u2019acqu\u00e9rir le socle commun de connaissances, de comp\u00e9tences et de culture.<\/span><\/p>\t\t\t\t\t\t<\/div>\n\t\t\t\t<\/div>\n\t\t\t\t\t<\/div>\n\t\t<\/div>\n\t\t\t\t\t\t\t<\/div>\n\t\t<\/section>\n\t\t\t\t<section class=\"elementor-section elementor-top-section elementor-element elementor-element-44631a5 elementor-section-boxed elementor-section-height-default elementor-section-height-default\" data-id=\"44631a5\" data-element_type=\"section\">\n\t\t\t\t\t\t<div class=\"elementor-container elementor-column-gap-default\">\n\t\t\t\t\t<div class=\"elementor-column elementor-col-100 elementor-top-column elementor-element elementor-element-d17445d\" data-id=\"d17445d\" data-element_type=\"column\">\n\t\t\t<div class=\"elementor-widget-wrap elementor-element-populated\">\n\t\t\t\t\t\t\t\t<div class=\"elementor-element elementor-element-5af2014 elementor-widget__width-inherit elementor-widget elementor-widget-heading\" data-id=\"5af2014\" data-element_type=\"widget\" data-widget_type=\"heading.default\">\n\t\t\t\t<div class=\"elementor-widget-container\">\n\t\t\t<h2 class=\"elementor-heading-title elementor-size-default\">LES \u00c9TABLISSEMENTS<\/h2>\t\t<\/div>\n\t\t\t\t<\/div>\n\t\t\t\t\t<\/div>\n\t\t<\/div>\n\t\t\t\t\t\t\t<\/div>\n\t\t<\/section>\n\t\t\t\t<section class=\"elementor-section elementor-top-section elementor-element elementor-element-2e607f0 elementor-section-boxed elementor-section-height-default elementor-section-height-default\" data-id=\"2e607f0\" data-element_type=\"section\">\n\t\t\t\t\t\t\t<div class=\"elementor-background-overlay\"><\/div>\n\t\t\t\t\t\t\t<div class=\"elementor-container elementor-column-gap-default\">\n\t\t\t\t\t<div class=\"elementor-column elementor-col-100 elementor-top-column elementor-element elementor-element-e329968\" data-id=\"e329968\" data-element_type=\"column\">\n\t\t\t<div class=\"elementor-widget-wrap elementor-element-populated\">\n\t\t\t\t\t\t\t\t<div class=\"elementor-element elementor-element-ce4abee elementor-invisible elementor-widget elementor-widget-image\" data-id=\"ce4abee\" data-element_type=\"widget\" data-settings=\"{&quot;_animation&quot;:&quot;bounce&quot;}\" data-widget_type=\"image.default\">\n\t\t\t\t<div class=\"elementor-widget-container\">\n\t\t\t\t\t\t\t\t\t\t\t\t\t\t\t\t<a href=\"http:\/\/www.mfrsaintberthevin.com\/\">\n\t\t\t\t\t\t\t<img loading=\"lazy\" decoding=\"async\" width=\"568\" height=\"292\" src=\"https:\/\/www.mfr53.org\/web\/wp-content\/uploads\/2024\/01\/MFR-53-MFR-Saint-Berthevin-classe-de-4eme-3eme.jpg\" class=\"elementor-animation-grow attachment-large size-large wp-image-3106\" alt=\"MFR-53-MFR-Saint-Berthevin-classe-de-4\u00e8me-3\u00e8me\" srcset=\"https:\/\/www.mfr53.org\/web\/wp-content\/uploads\/2024\/01\/MFR-53-MFR-Saint-Berthevin-classe-de-4eme-3eme.jpg 568w, https:\/\/www.mfr53.org\/web\/wp-content\/uploads\/2024\/01\/MFR-53-MFR-Saint-Berthevin-classe-de-4eme-3eme-300x154.jpg 300w\" sizes=\"(max-width: 568px) 100vw, 568px\" \/>\t\t\t\t\t\t\t\t<\/a>\n\t\t\t\t\t\t\t\t\t\t\t\t\t\t\t<\/div>\n\t\t\t\t<\/div>\n\t\t\t\t\t<\/div>\n\t\t<\/div>\n\t\t\t\t\t\t\t<\/div>\n\t\t<\/section>\n\t\t\t\t<section class=\"elementor-section elementor-top-section elementor-element elementor-element-47746cc elementor-section-boxed elementor-section-height-default elementor-section-height-default\" data-id=\"47746cc\" data-element_type=\"section\">\n\t\t\t\t\t\t<div class=\"elementor-container elementor-column-gap-default\">\n\t\t\t\t\t<div class=\"elementor-column elementor-col-100 elementor-top-column elementor-element elementor-element-e079b53\" data-id=\"e079b53\" data-element_type=\"column\">\n\t\t\t<div class=\"elementor-widget-wrap elementor-element-populated\">\n\t\t\t\t\t\t\t\t<div class=\"elementor-element elementor-element-d2de125 elementor-widget elementor-widget-text-editor\" data-id=\"d2de125\" data-element_type=\"widget\" data-widget_type=\"text-editor.default\">\n\t\t\t\t<div class=\"elementor-widget-container\">\n\t\t\t\t\t\t\t<p style=\"text-align: center;\"><span style=\"color: #ffffff;\"><a style=\"color: #ffffff;\" href=\"http:\/\/www.mfrsaintberthevin.com\/\">MFR Saint-Berthevin<\/a><\/span><\/p>\t\t\t\t\t\t<\/div>\n\t\t\t\t<\/div>\n\t\t\t\t\t<\/div>\n\t\t<\/div>\n\t\t\t\t\t\t\t<\/div>\n\t\t<\/section>\n\t\t\t\t<section class=\"elementor-section elementor-top-section elementor-element elementor-element-dc115ee elementor-section-boxed elementor-section-height-default elementor-section-height-default\" data-id=\"dc115ee\" data-element_type=\"section\">\n\t\t\t\t\t\t<div class=\"elementor-container elementor-column-gap-default\">\n\t\t\t\t\t<div class=\"elementor-column elementor-col-100 elementor-top-column elementor-element elementor-element-e18de3c\" data-id=\"e18de3c\" data-element_type=\"column\">\n\t\t\t<div class=\"elementor-widget-wrap elementor-element-populated\">\n\t\t\t\t\t\t\t\t<div class=\"elementor-element elementor-element-36fcaae elementor-widget elementor-widget-text-editor\" data-id=\"36fcaae\" data-element_type=\"widget\" data-widget_type=\"text-editor.default\">\n\t\t\t\t<div class=\"elementor-widget-container\">\n\t\t\t\t\t\t\t<p style=\"text-align: center;\"><span style=\"color: #ffffff;\"><a style=\"color: #ffffff;\" href=\"https:\/\/mfrhippodrome-craon.com\/\">MFR Craon Hippodrome<\/a><\/span><\/p>\t\t\t\t\t\t<\/div>\n\t\t\t\t<\/div>\n\t\t\t\t\t<\/div>\n\t\t<\/div>\n\t\t\t\t\t\t\t<\/div>\n\t\t<\/section>\n\t\t\t\t<section class=\"elementor-section elementor-top-section elementor-element elementor-element-4380d3d elementor-section-boxed elementor-section-height-default elementor-section-height-default\" data-id=\"4380d3d\" data-element_type=\"section\">\n\t\t\t\t\t\t\t<div class=\"elementor-background-overlay\"><\/div>\n\t\t\t\t\t\t\t<div class=\"elementor-container elementor-column-gap-default\">\n\t\t\t\t\t<div class=\"elementor-column elementor-col-100 elementor-top-column elementor-element elementor-element-d1a15e2\" data-id=\"d1a15e2\" data-element_type=\"column\">\n\t\t\t<div class=\"elementor-widget-wrap elementor-element-populated\">\n\t\t\t\t\t\t\t\t<div class=\"elementor-element elementor-element-3952e44 elementor-invisible elementor-widget elementor-widget-image\" data-id=\"3952e44\" data-element_type=\"widget\" data-settings=\"{&quot;_animation&quot;:&quot;bounce&quot;}\" data-widget_type=\"image.default\">\n\t\t\t\t<div class=\"elementor-widget-container\">\n\t\t\t\t\t\t\t\t\t\t\t\t\t\t\t\t<a href=\"https:\/\/mfrhippodrome-craon.com\/\">\n\t\t\t\t\t\t\t<img loading=\"lazy\" decoding=\"async\" width=\"566\" height=\"291\" src=\"https:\/\/www.mfr53.org\/web\/wp-content\/uploads\/2024\/01\/MFR-53-MFR-Craon-Hippodrome-classe-de-4eme-3eme.jpg\" class=\"elementor-animation-grow attachment-large size-large wp-image-3107\" alt=\"MFR-53-MFR-Craon-Hippodrome-classe-de-4\u00e8me-3\u00e8me\" srcset=\"https:\/\/www.mfr53.org\/web\/wp-content\/uploads\/2024\/01\/MFR-53-MFR-Craon-Hippodrome-classe-de-4eme-3eme.jpg 566w, https:\/\/www.mfr53.org\/web\/wp-content\/uploads\/2024\/01\/MFR-53-MFR-Craon-Hippodrome-classe-de-4eme-3eme-300x154.jpg 300w\" sizes=\"(max-width: 566px) 100vw, 566px\" \/>\t\t\t\t\t\t\t\t<\/a>\n\t\t\t\t\t\t\t\t\t\t\t\t\t\t\t<\/div>\n\t\t\t\t<\/div>\n\t\t\t\t\t<\/div>\n\t\t<\/div>\n\t\t\t\t\t\t\t<\/div>\n\t\t<\/section>\n\t\t\t\t<section class=\"elementor-section elementor-top-section elementor-element elementor-element-3fca57f elementor-section-boxed elementor-section-height-default elementor-section-height-default\" data-id=\"3fca57f\" data-element_type=\"section\">\n\t\t\t\t\t\t<div class=\"elementor-container elementor-column-gap-default\">\n\t\t\t\t\t<div class=\"elementor-column elementor-col-100 elementor-top-column elementor-element elementor-element-19075b2\" data-id=\"19075b2\" data-element_type=\"column\">\n\t\t\t<div class=\"elementor-widget-wrap elementor-element-populated\">\n\t\t\t\t\t\t\t\t<div class=\"elementor-element elementor-element-9e14a19 elementor-invisible elementor-widget elementor-widget-text-editor\" data-id=\"9e14a19\" data-element_type=\"widget\" data-settings=\"{&quot;_animation&quot;:&quot;bounce&quot;}\" data-widget_type=\"text-editor.default\">\n\t\t\t\t<div class=\"elementor-widget-container\">\n\t\t\t\t\t\t\t<p style=\"text-align: center;\"><a href=\"https:\/\/mfrhippodrome-craon.com\/\"><span style=\"color: #ffffff;\">MFR de l&#8217;Hippodrome de Craon<\/span><\/a><\/p>\t\t\t\t\t\t<\/div>\n\t\t\t\t<\/div>\n\t\t\t\t\t<\/div>\n\t\t<\/div>\n\t\t\t\t\t\t\t<\/div>\n\t\t<\/section>\n\t\t\t\t<section class=\"elementor-section elementor-top-section elementor-element elementor-element-d068303 elementor-section-boxed elementor-section-height-default elementor-section-height-default\" data-id=\"d068303\" data-element_type=\"section\">\n\t\t\t\t\t\t\t<div class=\"elementor-background-overlay\"><\/div>\n\t\t\t\t\t\t\t<div class=\"elementor-container elementor-column-gap-default\">\n\t\t\t\t\t<div class=\"elementor-column elementor-col-100 elementor-top-column elementor-element elementor-element-5ac4493\" data-id=\"5ac4493\" data-element_type=\"column\">\n\t\t\t<div class=\"elementor-widget-wrap elementor-element-populated\">\n\t\t\t\t\t\t\t\t<div class=\"elementor-element elementor-element-44bce7c elementor-invisible elementor-widget elementor-widget-image\" data-id=\"44bce7c\" data-element_type=\"widget\" data-settings=\"{&quot;_animation&quot;:&quot;bounce&quot;}\" data-widget_type=\"image.default\">\n\t\t\t\t<div class=\"elementor-widget-container\">\n\t\t\t\t\t\t\t\t\t\t\t\t\t\t\t\t<a href=\"https:\/\/mfr-craon-oudon.org\/\">\n\t\t\t\t\t\t\t<img loading=\"lazy\" decoding=\"async\" width=\"565\" height=\"302\" src=\"https:\/\/www.mfr53.org\/web\/wp-content\/uploads\/2024\/01\/MFR-53-MFR-Craon-Oudon-classe-de-4eme-3eme.jpg\" class=\"elementor-animation-grow attachment-large size-large wp-image-3108\" alt=\"MFR-53-MFR-Craon-Oudon-classe-de-4\u00e8me-3\u00e8me\" srcset=\"https:\/\/www.mfr53.org\/web\/wp-content\/uploads\/2024\/01\/MFR-53-MFR-Craon-Oudon-classe-de-4eme-3eme.jpg 565w, https:\/\/www.mfr53.org\/web\/wp-content\/uploads\/2024\/01\/MFR-53-MFR-Craon-Oudon-classe-de-4eme-3eme-300x160.jpg 300w\" sizes=\"(max-width: 565px) 100vw, 565px\" \/>\t\t\t\t\t\t\t\t<\/a>\n\t\t\t\t\t\t\t\t\t\t\t\t\t\t\t<\/div>\n\t\t\t\t<\/div>\n\t\t\t\t\t<\/div>\n\t\t<\/div>\n\t\t\t\t\t\t\t<\/div>\n\t\t<\/section>\n\t\t\t\t<section class=\"elementor-section elementor-top-section elementor-element elementor-element-bbfd788 elementor-section-boxed elementor-section-height-default elementor-section-height-default\" data-id=\"bbfd788\" data-element_type=\"section\">\n\t\t\t\t\t\t<div class=\"elementor-container elementor-column-gap-default\">\n\t\t\t\t\t<div class=\"elementor-column elementor-col-100 elementor-top-column elementor-element elementor-element-aa6a4a3\" data-id=\"aa6a4a3\" data-element_type=\"column\">\n\t\t\t<div class=\"elementor-widget-wrap elementor-element-populated\">\n\t\t\t\t\t\t\t\t<div class=\"elementor-element elementor-element-88270f3 elementor-invisible elementor-widget elementor-widget-text-editor\" data-id=\"88270f3\" data-element_type=\"widget\" data-settings=\"{&quot;_animation&quot;:&quot;bounce&quot;}\" data-widget_type=\"text-editor.default\">\n\t\t\t\t<div class=\"elementor-widget-container\">\n\t\t\t\t\t\t\t<p style=\"text-align: center;\"><span style=\"color: #ffffff;\"><a style=\"color: #ffffff;\" href=\"http:\/\/mfr-craon-oudon.org\">MFR Craon Oudon<\/a><\/span><\/p>\t\t\t\t\t\t<\/div>\n\t\t\t\t<\/div>\n\t\t\t\t\t<\/div>\n\t\t<\/div>\n\t\t\t\t\t\t\t<\/div>\n\t\t<\/section>\n\t\t\t\t<section class=\"elementor-section elementor-top-section elementor-element elementor-element-9e7393a elementor-section-boxed elementor-section-height-default elementor-section-height-default\" data-id=\"9e7393a\" data-element_type=\"section\">\n\t\t\t\t\t\t\t<div class=\"elementor-background-overlay\"><\/div>\n\t\t\t\t\t\t\t<div class=\"elementor-container elementor-column-gap-default\">\n\t\t\t\t\t<div class=\"elementor-column elementor-col-100 elementor-top-column elementor-element elementor-element-ccdea5e\" data-id=\"ccdea5e\" data-element_type=\"column\">\n\t\t\t<div class=\"elementor-widget-wrap elementor-element-populated\">\n\t\t\t\t\t\t\t\t<div class=\"elementor-element elementor-element-ade27e3 elementor-invisible elementor-widget elementor-widget-image\" data-id=\"ade27e3\" data-element_type=\"widget\" data-settings=\"{&quot;_animation&quot;:&quot;bounce&quot;}\" data-widget_type=\"image.default\">\n\t\t\t\t<div class=\"elementor-widget-container\">\n\t\t\t\t\t\t\t\t\t\t\t\t\t\t\t\t<a href=\"https:\/\/www.mfr-pre-en-pail.fr\/\">\n\t\t\t\t\t\t\t<img loading=\"lazy\" decoding=\"async\" width=\"567\" height=\"296\" src=\"https:\/\/www.mfr53.org\/web\/wp-content\/uploads\/2024\/01\/MFR-53-MFR-La-Chauviniere-Pre-en-Pail-classe-de-4eme-3eme.jpg\" class=\"elementor-animation-grow attachment-large size-large wp-image-3109\" alt=\"MFR-53-MFR-La-Chauvini\u00e8re-Pr\u00e9-en-Pail-classe-de-4\u00e8me-3\u00e8me\" srcset=\"https:\/\/www.mfr53.org\/web\/wp-content\/uploads\/2024\/01\/MFR-53-MFR-La-Chauviniere-Pre-en-Pail-classe-de-4eme-3eme.jpg 567w, https:\/\/www.mfr53.org\/web\/wp-content\/uploads\/2024\/01\/MFR-53-MFR-La-Chauviniere-Pre-en-Pail-classe-de-4eme-3eme-300x157.jpg 300w\" sizes=\"(max-width: 567px) 100vw, 567px\" \/>\t\t\t\t\t\t\t\t<\/a>\n\t\t\t\t\t\t\t\t\t\t\t\t\t\t\t<\/div>\n\t\t\t\t<\/div>\n\t\t\t\t\t<\/div>\n\t\t<\/div>\n\t\t\t\t\t\t\t<\/div>\n\t\t<\/section>\n\t\t\t\t<section class=\"elementor-section elementor-top-section elementor-element elementor-element-f42bbb3 elementor-section-boxed elementor-section-height-default elementor-section-height-default\" data-id=\"f42bbb3\" data-element_type=\"section\">\n\t\t\t\t\t\t<div class=\"elementor-container elementor-column-gap-default\">\n\t\t\t\t\t<div class=\"elementor-column elementor-col-100 elementor-top-column elementor-element elementor-element-2900621\" data-id=\"2900621\" data-element_type=\"column\">\n\t\t\t<div class=\"elementor-widget-wrap elementor-element-populated\">\n\t\t\t\t\t\t\t\t<div class=\"elementor-element elementor-element-4db47cd elementor-invisible elementor-widget elementor-widget-text-editor\" data-id=\"4db47cd\" data-element_type=\"widget\" data-settings=\"{&quot;_animation&quot;:&quot;bounce&quot;}\" data-widget_type=\"text-editor.default\">\n\t\t\t\t<div class=\"elementor-widget-container\">\n\t\t\t\t\t\t\t<p style=\"text-align: center;\"><span style=\"color: #ffffff;\"><a style=\"color: #ffffff;\" href=\"https:\/\/www.mfr-pre-en-pail.fr\/\">MFR &#8220;La Chauvini\u00e8re&#8221; Pr\u00e9-en-Pail<\/a><\/span><\/p>\t\t\t\t\t\t<\/div>\n\t\t\t\t<\/div>\n\t\t\t\t\t<\/div>\n\t\t<\/div>\n\t\t\t\t\t\t\t<\/div>\n\t\t<\/section>\n\t\t\t\t\t\t\t<\/div>\n\t\t","protected":false},"excerpt":{"rendered":"<p>CLASSES DE 4\u00c8ME et 3\u00c8ME &#8211;ORIENTATION PROFESSIONNELLE CHOISIR LES MFR, C\u2019EST FAIRE LE CHOIX DE L\u2019ALTERNANCE D\u00c8S 14 ANS Ces classes permettent au jeune : De faire de nombreux stages en milieu professionnel avec une alternance r\u00e9guli\u00e8re qui motive et dynamise (une semaine en MFR, une semaine en stage)De bien choisir son orientation gr\u00e2ce \u00e0<\/p>\n<p><a href=\"https:\/\/www.mfr53.org\/web\/4eme-3eme\/\" class=\"more-link\">Lire la suite<\/a><\/p>\n","protected":false},"author":3,"featured_media":0,"parent":0,"menu_order":0,"comment_status":"closed","ping_status":"closed","template":"elementor_header_footer","meta":{"footnotes":""},"_links":{"self":[{"href":"https:\/\/www.mfr53.org\/web\/wp-json\/wp\/v2\/pages\/2180"}],"collection":[{"href":"https:\/\/www.mfr53.org\/web\/wp-json\/wp\/v2\/pages"}],"about":[{"href":"https:\/\/www.mfr53.org\/web\/wp-json\/wp\/v2\/types\/page"}],"author":[{"embeddable":true,"href":"https:\/\/www.mfr53.org\/web\/wp-json\/wp\/v2\/users\/3"}],"replies":[{"embeddable":true,"href":"https:\/\/www.mfr53.org\/web\/wp-json\/wp\/v2\/comments?post=2180"}],"version-history":[{"count":61,"href":"https:\/\/www.mfr53.org\/web\/wp-json\/wp\/v2\/pages\/2180\/revisions"}],"predecessor-version":[{"id":3642,"href":"https:\/\/www.mfr53.org\/web\/wp-json\/wp\/v2\/pages\/2180\/revisions\/3642"}],"wp:attachment":[{"href":"https:\/\/www.mfr53.org\/web\/wp-json\/wp\/v2\/media?parent=2180"}],"curies":[{"name":"wp","href":"https:\/\/api.w.org\/{rel}","templated":true}]}}