{"id":1763,"date":"2020-12-15T15:36:17","date_gmt":"2020-12-15T14:36:17","guid":{"rendered":"https:\/\/www.mfr53.org\/web\/?page_id=1763"},"modified":"2020-12-15T16:47:01","modified_gmt":"2020-12-15T15:47:01","slug":"notre-projet-educatif","status":"publish","type":"page","link":"https:\/\/www.mfr53.org\/web\/notre-projet-educatif\/","title":{"rendered":"Notre projet \u00e9ducatif"},"content":{"rendered":"\n<p>Notre objectif est de permettre \u00e0 tous les apprenants de r\u00e9ussir tant d&#8217;un point de vue personnel que social et professionnel. Pour ce faire, les Maisons Familiales Rurales mobilisent tous les acteurs engag\u00e9s dans la formation des jeunes autour d&#8217;un projet partag\u00e9, reposant sur : <\/p>\n\n\n\n<p><strong>Le principe de Co\u00e9ducation<\/strong> : Les familles sont les premi\u00e8res responsables de l&#8217;\u00e9ducation de leurs enfants. Elles exercent leurs droits et assument leurs responsabilit\u00e9s, tout en confiant \u00e0 la MFR et \u00e0 un ma\u00eetre de stage ou d&#8217;apprentissage une &#8220;part&#8221; de cette \u00e9ducation. <\/p>\n\n\n\n<p><strong>Le d\u00e9veloppement &amp; la promotion de la personne<\/strong> : la MFR accompagne au mieux chaque individu dans son projet et selon ses possibilit\u00e9s ; elle fait progressivement \u00e9voluer chaque jeune<\/p>\n\n\n\n<p><strong>Le vivre ensemble &amp; l&#8217;ouverture aux autres<\/strong> : L&#8217;\u00e9ducation des jeunes et l&#8217;apprentissage de la citoyennet\u00e9 tient une place importante au sein des MFR, et s&#8217;acqui\u00e8re \u00e0 travers la vie r\u00e9sidentielle, la place donn\u00e9e au groupe et les activit\u00e9s culturelles. <\/p>\n\n\n\n<p><strong>La responsabilisation des \u00e9l\u00e8ves ou des apprentis<\/strong> : Tant \u00e0 l&#8217;occasion des s\u00e9jours en entreprise qu&#8217;\u00e0 la MFR, les activit\u00e9s confi\u00e9es aux jeunes doivent lui permettre de progresser, d&#8217;acqu\u00e9rir de l&#8217;autonomie, de s&#8217;impliquer et de prendre progressivement des responsabilit\u00e9s.<\/p>\n","protected":false},"excerpt":{"rendered":"<p>Notre objectif est de permettre \u00e0 tous les apprenants de r\u00e9ussir tant d&#8217;un point de vue personnel que social et professionnel. Pour ce faire, les Maisons Familiales Rurales mobilisent tous les acteurs engag\u00e9s dans la formation des jeunes autour d&#8217;un projet partag\u00e9, reposant sur : Le principe de Co\u00e9ducation : Les familles sont les premi\u00e8res<\/p>\n<p><a href=\"https:\/\/www.mfr53.org\/web\/notre-projet-educatif\/\" class=\"more-link\">Lire la suite<\/a><\/p>\n","protected":false},"author":3,"featured_media":0,"parent":0,"menu_order":0,"comment_status":"closed","ping_status":"closed","template":"","meta":{"footnotes":""},"_links":{"self":[{"href":"https:\/\/www.mfr53.org\/web\/wp-json\/wp\/v2\/pages\/1763"}],"collection":[{"href":"https:\/\/www.mfr53.org\/web\/wp-json\/wp\/v2\/pages"}],"about":[{"href":"https:\/\/www.mfr53.org\/web\/wp-json\/wp\/v2\/types\/page"}],"author":[{"embeddable":true,"href":"https:\/\/www.mfr53.org\/web\/wp-json\/wp\/v2\/users\/3"}],"replies":[{"embeddable":true,"href":"https:\/\/www.mfr53.org\/web\/wp-json\/wp\/v2\/comments?post=1763"}],"version-history":[{"count":2,"href":"https:\/\/www.mfr53.org\/web\/wp-json\/wp\/v2\/pages\/1763\/revisions"}],"predecessor-version":[{"id":1783,"href":"https:\/\/www.mfr53.org\/web\/wp-json\/wp\/v2\/pages\/1763\/revisions\/1783"}],"wp:attachment":[{"href":"https:\/\/www.mfr53.org\/web\/wp-json\/wp\/v2\/media?parent=1763"}],"curies":[{"name":"wp","href":"https:\/\/api.w.org\/{rel}","templated":true}]}}