{"id":1431,"date":"2020-11-06T11:34:36","date_gmt":"2020-11-06T10:34:36","guid":{"rendered":"https:\/\/www.mfr53.org\/web\/?page_id=1431"},"modified":"2024-01-23T09:59:58","modified_gmt":"2024-01-23T08:59:58","slug":"les-metiers-de-la-comptabilite-de-la-gestion-administrative-et-des-ressources-humaines","status":"publish","type":"page","link":"https:\/\/www.mfr53.org\/web\/les-metiers-de-la-comptabilite-de-la-gestion-administrative-et-des-ressources-humaines\/","title":{"rendered":"Les m\u00e9tiers de la comptabilit\u00e9, de la gestion administrative et des ressources humaines"},"content":{"rendered":"\t\t<div data-elementor-type=\"wp-page\" data-elementor-id=\"1431\" class=\"elementor elementor-1431\">\n\t\t\t\t\t\t\t\t\t<section class=\"elementor-section elementor-top-section elementor-element elementor-element-409be53d elementor-section-height-min-height elementor-section-content-middle elementor-section-full_width elementor-section-height-default elementor-section-items-middle\" data-id=\"409be53d\" data-element_type=\"section\" data-settings=\"{&quot;background_background&quot;:&quot;classic&quot;}\">\n\t\t\t\t\t\t\t<div class=\"elementor-background-overlay\"><\/div>\n\t\t\t\t\t\t\t<div class=\"elementor-container elementor-column-gap-default\">\n\t\t\t\t\t<div class=\"elementor-column elementor-col-100 elementor-top-column elementor-element elementor-element-dc3cce6\" data-id=\"dc3cce6\" data-element_type=\"column\">\n\t\t\t<div class=\"elementor-widget-wrap elementor-element-populated\">\n\t\t\t\t\t\t\t\t<div class=\"elementor-element elementor-element-68fcd34 elementor-invisible elementor-widget elementor-widget-heading\" data-id=\"68fcd34\" data-element_type=\"widget\" data-settings=\"{&quot;_animation&quot;:&quot;fadeIn&quot;}\" data-widget_type=\"heading.default\">\n\t\t\t\t<div class=\"elementor-widget-container\">\n\t\t\t<h1 class=\"elementor-heading-title elementor-size-xxl\">Les m\u00e9tiers de la comptabilit\u00e9, de la gestion administrative et des ressources humaines<\/h1>\t\t<\/div>\n\t\t\t\t<\/div>\n\t\t\t\t\t<\/div>\n\t\t<\/div>\n\t\t\t\t\t\t\t<\/div>\n\t\t<\/section>\n\t\t\t\t<section class=\"elementor-section elementor-top-section elementor-element elementor-element-5f605b95 elementor-section-height-min-height elementor-section-content-middle elementor-section-boxed elementor-section-height-default elementor-section-items-middle elementor-invisible\" data-id=\"5f605b95\" data-element_type=\"section\" data-settings=\"{&quot;background_background&quot;:&quot;classic&quot;,&quot;animation&quot;:&quot;fadeInDown&quot;}\">\n\t\t\t\t\t\t<div class=\"elementor-container elementor-column-gap-default\">\n\t\t\t\t\t<div class=\"elementor-column elementor-col-100 elementor-top-column elementor-element elementor-element-4b3b6906\" data-id=\"4b3b6906\" data-element_type=\"column\">\n\t\t\t<div class=\"elementor-widget-wrap elementor-element-populated\">\n\t\t\t\t\t\t\t\t<div class=\"elementor-element elementor-element-681c20e9 elementor-widget-divider--view-line elementor-widget elementor-widget-divider\" data-id=\"681c20e9\" data-element_type=\"widget\" data-widget_type=\"divider.default\">\n\t\t\t\t<div class=\"elementor-widget-container\">\n\t\t\t\t\t<div class=\"elementor-divider\">\n\t\t\t<span class=\"elementor-divider-separator\">\n\t\t\t\t\t\t<\/span>\n\t\t<\/div>\n\t\t\t\t<\/div>\n\t\t\t\t<\/div>\n\t\t\t\t<div class=\"elementor-element elementor-element-150a71c7 elementor-invisible elementor-widget elementor-widget-heading\" data-id=\"150a71c7\" data-element_type=\"widget\" data-settings=\"{&quot;_animation&quot;:&quot;fadeInDown&quot;}\" data-widget_type=\"heading.default\">\n\t\t\t\t<div class=\"elementor-widget-container\">\n\t\t\t<h3 class=\"elementor-heading-title elementor-size-large\">Les m\u00e9tiers de la comptabilit\u00e9, de la gestion administrative et des ressources humaines<\/h3>\t\t<\/div>\n\t\t\t\t<\/div>\n\t\t\t\t<div class=\"elementor-element elementor-element-5b8b57d elementor-widget elementor-widget-text-editor\" data-id=\"5b8b57d\" data-element_type=\"widget\" data-widget_type=\"text-editor.default\">\n\t\t\t\t<div class=\"elementor-widget-container\">\n\t\t\t\t\t\t\tLe bac professionnel Gestion\/Administration a pour objectif de former des gestionnaires administratifs appel\u00e9s \u00e0 travailler au sein d\u2019entreprises de petite et moyenne taille, de collectivit\u00e9s territoriales, d\u2019administrations ou encore d\u2019associations. Cette formation correspond tout \u00e0 fait aux besoins des entreprises du sud Mayenne qui est une r\u00e9gion dynamique en terme \u00e9conomique gr\u00e2ce au nombre cons\u00e9quent de TPE \/ PME.\t\t\t\t\t\t<\/div>\n\t\t\t\t<\/div>\n\t\t\t\t\t<\/div>\n\t\t<\/div>\n\t\t\t\t\t\t\t<\/div>\n\t\t<\/section>\n\t\t\t\t<section class=\"elementor-section elementor-top-section elementor-element elementor-element-54ec472f elementor-section-height-min-height elementor-section-content-middle elementor-reverse-mobile elementor-section-boxed elementor-section-height-default elementor-section-items-middle elementor-invisible\" data-id=\"54ec472f\" data-element_type=\"section\" data-settings=\"{&quot;background_background&quot;:&quot;none&quot;,&quot;animation&quot;:&quot;fadeInDown&quot;}\">\n\t\t\t\t\t\t<div class=\"elementor-container elementor-column-gap-default\">\n\t\t\t\t\t<div class=\"elementor-column elementor-col-50 elementor-top-column elementor-element elementor-element-7d94b67f\" data-id=\"7d94b67f\" data-element_type=\"column\">\n\t\t\t<div class=\"elementor-widget-wrap elementor-element-populated\">\n\t\t\t\t\t\t\t\t<div class=\"elementor-element elementor-element-36dc5162 elementor-widget elementor-widget-image\" data-id=\"36dc5162\" data-element_type=\"widget\" data-widget_type=\"image.default\">\n\t\t\t\t<div class=\"elementor-widget-container\">\n\t\t\t\t\t\t\t\t\t\t\t\t\t\t\t<img decoding=\"async\" src=\"https:\/\/www.mfr53.org\/web\/wp-content\/uploads\/2020\/11\/1470399614_Social_Media.png\" title=\"\" alt=\"\" loading=\"lazy\" \/>\t\t\t\t\t\t\t\t\t\t\t\t\t\t\t<\/div>\n\t\t\t\t<\/div>\n\t\t\t\t\t<\/div>\n\t\t<\/div>\n\t\t\t\t<div class=\"elementor-column elementor-col-50 elementor-top-column elementor-element elementor-element-445becf8\" data-id=\"445becf8\" data-element_type=\"column\">\n\t\t\t<div class=\"elementor-widget-wrap elementor-element-populated\">\n\t\t\t\t\t\t\t\t<div class=\"elementor-element elementor-element-263d7766 elementor-widget-divider--view-line elementor-widget elementor-widget-divider\" data-id=\"263d7766\" data-element_type=\"widget\" data-widget_type=\"divider.default\">\n\t\t\t\t<div class=\"elementor-widget-container\">\n\t\t\t\t\t<div class=\"elementor-divider\">\n\t\t\t<span class=\"elementor-divider-separator\">\n\t\t\t\t\t\t<\/span>\n\t\t<\/div>\n\t\t\t\t<\/div>\n\t\t\t\t<\/div>\n\t\t\t\t<div class=\"elementor-element elementor-element-43c70190 elementor-invisible elementor-widget elementor-widget-heading\" data-id=\"43c70190\" data-element_type=\"widget\" data-settings=\"{&quot;_animation&quot;:&quot;fadeIn&quot;}\" data-widget_type=\"heading.default\">\n\t\t\t\t<div class=\"elementor-widget-container\">\n\t\t\t<h3 class=\"elementor-heading-title elementor-size-large\">Pourquoi cette formation ?<\/h3>\t\t<\/div>\n\t\t\t\t<\/div>\n\t\t\t\t<div class=\"elementor-element elementor-element-41e41a97 elementor-invisible elementor-widget elementor-widget-text-editor\" data-id=\"41e41a97\" data-element_type=\"widget\" data-settings=\"{&quot;_animation&quot;:&quot;fadeInDown&quot;}\" data-widget_type=\"text-editor.default\">\n\t\t\t\t<div class=\"elementor-widget-container\">\n\t\t\t\t\t\t\t<ul><li>Les m\u00e9tiers du secr\u00e9tariat, de la documentation, de la bureautique et de la comptabilit\u00e9 repr\u00e9sentent 9,6% de l\u2019emploi r\u00e9gionale.*<\/li><li>Au sein des actifs, 13,4% sont \u00e2g\u00e9s de plus de 55 ans, soit un taux de renouvellement des actifs cons\u00e9quent.*<\/li><li>33% des actifs de ce secteur n\u2019ont pas le niveau IV.*<br \/>* Source R\u00e9gion des Pays de la Loire \/ Contexte g\u00e9n\u00e9ral des fili\u00e8res et de l\u2019offre de formation<\/li><\/ul>\t\t\t\t\t\t<\/div>\n\t\t\t\t<\/div>\n\t\t\t\t\t<\/div>\n\t\t<\/div>\n\t\t\t\t\t\t\t<\/div>\n\t\t<\/section>\n\t\t\t\t<section class=\"elementor-section elementor-top-section elementor-element elementor-element-f2836c2 elementor-section-height-min-height elementor-section-content-middle elementor-reverse-mobile elementor-section-boxed elementor-section-height-default elementor-section-items-middle elementor-invisible\" data-id=\"f2836c2\" data-element_type=\"section\" data-settings=\"{&quot;background_background&quot;:&quot;none&quot;,&quot;animation&quot;:&quot;fadeInDown&quot;}\">\n\t\t\t\t\t\t<div class=\"elementor-container elementor-column-gap-default\">\n\t\t\t\t\t<div class=\"elementor-column elementor-col-100 elementor-top-column elementor-element elementor-element-9f8f4f3\" data-id=\"9f8f4f3\" data-element_type=\"column\">\n\t\t\t<div class=\"elementor-widget-wrap elementor-element-populated\">\n\t\t\t\t\t\t\t\t<div class=\"elementor-element elementor-element-99a2366 elementor-widget-divider--view-line elementor-widget elementor-widget-divider\" data-id=\"99a2366\" data-element_type=\"widget\" data-widget_type=\"divider.default\">\n\t\t\t\t<div class=\"elementor-widget-container\">\n\t\t\t\t\t<div class=\"elementor-divider\">\n\t\t\t<span class=\"elementor-divider-separator\">\n\t\t\t\t\t\t<\/span>\n\t\t<\/div>\n\t\t\t\t<\/div>\n\t\t\t\t<\/div>\n\t\t\t\t<div class=\"elementor-element elementor-element-2970b45 elementor-invisible elementor-widget elementor-widget-heading\" data-id=\"2970b45\" data-element_type=\"widget\" data-settings=\"{&quot;_animation&quot;:&quot;fadeIn&quot;}\" data-widget_type=\"heading.default\">\n\t\t\t\t<div class=\"elementor-widget-container\">\n\t\t\t<h3 class=\"elementor-heading-title elementor-size-large\">Pourquoi en apprentissage ?<\/h3>\t\t<\/div>\n\t\t\t\t<\/div>\n\t\t\t\t<div class=\"elementor-element elementor-element-3919311 elementor-invisible elementor-widget elementor-widget-text-editor\" data-id=\"3919311\" data-element_type=\"widget\" data-settings=\"{&quot;_animation&quot;:&quot;fadeInDown&quot;}\" data-widget_type=\"text-editor.default\">\n\t\t\t\t<div class=\"elementor-widget-container\">\n\t\t\t\t\t\t\t<ul><li>L\u2019acquisition des comp\u00e9tences professionnelles dans ce secteur se fait essentiellement en entreprise.*<\/li><li>92% des jeunes ont une bonne opinion de l\u2019alternance.*<\/li><li>93% des jeunes pensent que l\u2019alternance les rend plus autonomes et pr\u00eats \u00e0 int\u00e9grer le monde du travail.*<\/li><\/ul><p>* Les jeunes et leur avenir professionnel (A.G.E.F.O.S \u2013 P.M.E opinion way\u2019) \/ Echantillon : ensemble, soit 801 jeunes<\/p><p>Selon le contexte g\u00e9n\u00e9ral des fili\u00e8res \u00e9conomiques et de l\u2019offre de formation en r\u00e9gion Pays de la Loire, nous constatons que les m\u00e9tiers li\u00e9s \u00e0 l\u2019administration, la comptabilit\u00e9 et la gestion sont pr\u00e9sents dans la quasi-totalit\u00e9 des secteurs. (Extrait de ce contexte \u00ab On observe de possible tensions sur les m\u00e9tiers li\u00e9s \u00e0 la comptabilit\u00e9, la finance\u2026communication \u00bb).<\/p><p>Selon une enqu\u00eate li\u00e9e aux besoins en main d\u2019\u0153uvre, les projets de recrutement sont pr\u00e9sents, soit \u00e0 l\u2019issue de ce bac professionnel, soit apr\u00e8s une formation qualifiante sup\u00e9rieure (en t\u00e9moigne les projets de recrutement par m\u00e9tier.*<br \/>* \u2018Enqu\u00eate, Besoins en Main d\u2019\u0153uvre 2017 en France\u2019 de P\u00f4le Emploi et du C.R.E.D.O.C (Centre de Recherche pour l\u2019Etude et l\u2019Observation des Conditions de vie)).<\/p>\t\t\t\t\t\t<\/div>\n\t\t\t\t<\/div>\n\t\t\t\t\t<\/div>\n\t\t<\/div>\n\t\t\t\t\t\t\t<\/div>\n\t\t<\/section>\n\t\t\t\t<section class=\"elementor-section elementor-top-section elementor-element elementor-element-78e2b021 elementor-section-height-min-height elementor-section-content-middle elementor-section-boxed elementor-section-height-default elementor-section-items-middle\" data-id=\"78e2b021\" data-element_type=\"section\" data-settings=\"{&quot;background_background&quot;:&quot;classic&quot;}\">\n\t\t\t\t\t\t<div class=\"elementor-container elementor-column-gap-default\">\n\t\t\t\t\t<div class=\"elementor-column elementor-col-100 elementor-top-column elementor-element elementor-element-41518a55\" data-id=\"41518a55\" data-element_type=\"column\">\n\t\t\t<div class=\"elementor-widget-wrap elementor-element-populated\">\n\t\t\t\t\t\t\t\t<div class=\"elementor-element elementor-element-455704a3 elementor-widget-divider--view-line elementor-invisible elementor-widget elementor-widget-divider\" data-id=\"455704a3\" data-element_type=\"widget\" data-settings=\"{&quot;_animation&quot;:&quot;fadeInDown&quot;}\" data-widget_type=\"divider.default\">\n\t\t\t\t<div class=\"elementor-widget-container\">\n\t\t\t\t\t<div class=\"elementor-divider\">\n\t\t\t<span class=\"elementor-divider-separator\">\n\t\t\t\t\t\t<\/span>\n\t\t<\/div>\n\t\t\t\t<\/div>\n\t\t\t\t<\/div>\n\t\t\t\t<div class=\"elementor-element elementor-element-5b3a6260 elementor-invisible elementor-widget elementor-widget-heading\" data-id=\"5b3a6260\" data-element_type=\"widget\" data-settings=\"{&quot;_animation&quot;:&quot;fadeInDown&quot;}\" data-widget_type=\"heading.default\">\n\t\t\t\t<div class=\"elementor-widget-container\">\n\t\t\t<h3 class=\"elementor-heading-title elementor-size-large\">\u00e9tablissement<\/h3>\t\t<\/div>\n\t\t\t\t<\/div>\n\t\t\t\t<div class=\"elementor-element elementor-element-18233b37 elementor-invisible elementor-widget elementor-widget-text-editor\" data-id=\"18233b37\" data-element_type=\"widget\" data-settings=\"{&quot;_animation&quot;:&quot;fadeInDown&quot;}\" data-widget_type=\"text-editor.default\">\n\t\t\t\t<div class=\"elementor-widget-container\">\n\t\t\t\t\t\t\t<p>BAC PRO \u2013 AGROrA (Assistance \u00e0 la Gestion des Organisations et de leurs Activit\u00e9s)<\/p><p>TITRE \u2013 Secr\u00e9taire assistant<\/p><p>TITRE &#8211; Secr\u00e9taire comptable<\/p><p><a href=\"http:\/\/www.mfr-craon-oudon.fr\/\" target=\"_blank\" rel=\"noopener noreferrer\">MFR Craon-Oudon<\/a><\/p>\t\t\t\t\t\t<\/div>\n\t\t\t\t<\/div>\n\t\t\t\t\t<\/div>\n\t\t<\/div>\n\t\t\t\t\t\t\t<\/div>\n\t\t<\/section>\n\t\t\t\t\t\t\t<\/div>\n\t\t","protected":false},"excerpt":{"rendered":"<p>Les m\u00e9tiers de la comptabilit\u00e9, de la gestion administrative et des ressources humaines Les m\u00e9tiers de la comptabilit\u00e9, de la gestion administrative et des ressources humaines Le bac professionnel Gestion\/Administration a pour objectif de former des gestionnaires administratifs appel\u00e9s \u00e0 travailler au sein d\u2019entreprises de petite et moyenne taille, de collectivit\u00e9s territoriales, d\u2019administrations ou encore<\/p>\n<p><a href=\"https:\/\/www.mfr53.org\/web\/les-metiers-de-la-comptabilite-de-la-gestion-administrative-et-des-ressources-humaines\/\" class=\"more-link\">Lire la suite<\/a><\/p>\n","protected":false},"author":1,"featured_media":0,"parent":0,"menu_order":0,"comment_status":"closed","ping_status":"closed","template":"elementor_header_footer","meta":{"footnotes":""},"_links":{"self":[{"href":"https:\/\/www.mfr53.org\/web\/wp-json\/wp\/v2\/pages\/1431"}],"collection":[{"href":"https:\/\/www.mfr53.org\/web\/wp-json\/wp\/v2\/pages"}],"about":[{"href":"https:\/\/www.mfr53.org\/web\/wp-json\/wp\/v2\/types\/page"}],"author":[{"embeddable":true,"href":"https:\/\/www.mfr53.org\/web\/wp-json\/wp\/v2\/users\/1"}],"replies":[{"embeddable":true,"href":"https:\/\/www.mfr53.org\/web\/wp-json\/wp\/v2\/comments?post=1431"}],"version-history":[{"count":20,"href":"https:\/\/www.mfr53.org\/web\/wp-json\/wp\/v2\/pages\/1431\/revisions"}],"predecessor-version":[{"id":3497,"href":"https:\/\/www.mfr53.org\/web\/wp-json\/wp\/v2\/pages\/1431\/revisions\/3497"}],"wp:attachment":[{"href":"https:\/\/www.mfr53.org\/web\/wp-json\/wp\/v2\/media?parent=1431"}],"curies":[{"name":"wp","href":"https:\/\/api.w.org\/{rel}","templated":true}]}}